{"id":5001,"date":"2026-04-25T08:32:12","date_gmt":"2026-04-25T08:32:12","guid":{"rendered":""},"modified":"2026-04-25T08:32:12","modified_gmt":"2026-04-25T08:32:12","slug":"notre-mission","status":"publish","type":"page","link":"https:\/\/wp2026.emccbelgium.org\/index.php\/notre-mission\/","title":{"rendered":"Notre mission"},"content":{"rendered":"\t\t<div data-elementor-type=\"wp-page\" data-elementor-id=\"5001\" class=\"elementor elementor-5001\">\n\t\t\t\t\t\t<section class=\"elementor-section elementor-top-section elementor-element elementor-element-936d6970 elementor-section-boxed elementor-section-height-default elementor-section-height-default\" data-id=\"936d6970\" data-element_type=\"section\" data-e-type=\"section\">\n\t\t\t\t\t\t<div class=\"elementor-container elementor-column-gap-default\">\n\t\t\t\t\t<div class=\"elementor-column elementor-col-100 elementor-top-column elementor-element elementor-element-840d4b87\" data-id=\"840d4b87\" data-element_type=\"column\" data-e-type=\"column\">\n\t\t\t<div class=\"elementor-widget-wrap elementor-element-populated\">\n\t\t\t\t\t\t<div class=\"elementor-element elementor-element-fb97ce89 elementor-widget elementor-widget-heading\" data-id=\"fb97ce89\" data-element_type=\"widget\" data-e-type=\"widget\" data-widget_type=\"heading.default\">\n\t\t\t\t\t<h1 class=\"elementor-heading-title elementor-size-default\">Notre mission<\/h1>\t\t\t\t<\/div>\n\t\t\t\t\t<\/div>\n\t\t<\/div>\n\t\t\t\t\t<\/div>\n\t\t<\/section>\n\t\t\t\t<section class=\"elementor-section elementor-top-section elementor-element elementor-element-559e2fcd elementor-section-boxed elementor-section-height-default elementor-section-height-default\" data-id=\"559e2fcd\" data-element_type=\"section\" data-e-type=\"section\">\n\t\t\t\t\t\t<div class=\"elementor-container elementor-column-gap-default\">\n\t\t\t\t\t<div class=\"elementor-column elementor-col-100 elementor-top-column elementor-element elementor-element-4b41939e\" data-id=\"4b41939e\" data-element_type=\"column\" data-e-type=\"column\">\n\t\t\t<div class=\"elementor-widget-wrap elementor-element-populated\">\n\t\t\t\t\t\t<div class=\"elementor-element elementor-element-14eff5f2 elementor-widget elementor-widget-heading\" data-id=\"14eff5f2\" data-element_type=\"widget\" data-e-type=\"widget\" data-widget_type=\"heading.default\">\n\t\t\t\t\t<h2 class=\"elementor-heading-title elementor-size-default\">L'EMCC Belgium se fonde sur 3 objectifs :<\/h2>\t\t\t\t<\/div>\n\t\t\t\t<div class=\"elementor-element elementor-element-ec5cb4c7 elementor-widget elementor-widget-text-editor\" data-id=\"ec5cb4c7\" data-element_type=\"widget\" data-e-type=\"widget\" data-widget_type=\"text-editor.default\">\n\t\t\t\t\t\t\t\t\t<ul><li><strong>La reconnaissance du m\u00e9tier de coach au niveau europ\u00e9en<\/strong><br\/>Le m\u00e9tier de coach se r\u00e9pand et r\u00e9clame de plus en plus une exigence de qualit\u00e9, de comp\u00e9tences solides tant techniques que relationnelles, d&#8217;\u00e9thique et de professionnalisme.<\/li><li><strong>La constitution d&#8217;un r\u00e9seau de coachs<\/strong><br\/>La constitution d&#8217;un r\u00e9seau de coachs et la dimension de partage, d&#8217;\u00e9change de connaissances et d&#8217;exp\u00e9riences entre tous les membres issus d&#8217;horizons professionnels diff\u00e9rents (ressources humaines, formation, coaching, th\u00e9rapie).<\/li><li><strong>La responsabilit\u00e9 sociale<\/strong><br\/>La responsabilit\u00e9 sociale dans laquelle nous incluons la solidarit\u00e9. Le coaching ne doit pas \u00eatre un accompagnement r\u00e9serv\u00e9 \u00e0 une minorit\u00e9 de personnes et d&#8217;associations. Le &#8221; Coaching solidaire &#8221; mis en place et d\u00e9velopp\u00e9 avec des coachs b\u00e9n\u00e9voles est propos\u00e9 aux associations en manque de ressources financi\u00e8res.<\/li><\/ul>\t\t\t\t\t\t\t\t<\/div>\n\t\t\t\t\t<\/div>\n\t\t<\/div>\n\t\t\t\t\t<\/div>\n\t\t<\/section>\n\t\t\t\t<section class=\"elementor-section elementor-top-section elementor-element elementor-element-ce830014 elementor-section-boxed elementor-section-height-default elementor-section-height-default\" data-id=\"ce830014\" data-element_type=\"section\" data-e-type=\"section\">\n\t\t\t\t\t\t<div class=\"elementor-container elementor-column-gap-default\">\n\t\t\t\t\t<div class=\"elementor-column elementor-col-100 elementor-top-column elementor-element elementor-element-489d126b\" data-id=\"489d126b\" data-element_type=\"column\" data-e-type=\"column\">\n\t\t\t<div class=\"elementor-widget-wrap elementor-element-populated\">\n\t\t\t\t\t\t<div class=\"elementor-element elementor-element-a87c1b7d elementor-widget elementor-widget-heading\" data-id=\"a87c1b7d\" data-element_type=\"widget\" data-e-type=\"widget\" data-widget_type=\"heading.default\">\n\t\t\t\t\t<h3 class=\"elementor-heading-title elementor-size-default\">Pourquoi une association avec l'EMCC ?<\/h3>\t\t\t\t<\/div>\n\t\t\t\t<div class=\"elementor-element elementor-element-2304416f elementor-widget elementor-widget-text-editor\" data-id=\"2304416f\" data-element_type=\"widget\" data-e-type=\"widget\" data-widget_type=\"text-editor.default\">\n\t\t\t\t\t\t\t\t\t<p>En nous associant \u00e0 l\u2019EMCC en 2008, nous sommes devenus une association europ\u00e9enne repr\u00e9sent\u00e9e dans plus de 18 pays, dont l\u2019Angleterre, les Pays-Bas, la France, le Danemark, la Su\u00e8de, l\u2019Allemagne\u2026 nous contribuons ainsi \u00e0 donner au coaching une v\u00e9ritable identit\u00e9 europ\u00e9enne avec une approche sp\u00e9cifiquement europ\u00e9enne.<\/p>\n<p>EMCC: www.emccouncil.org<\/p>\t\t\t\t\t\t\t\t<\/div>\n\t\t\t\t\t<\/div>\n\t\t<\/div>\n\t\t\t\t\t<\/div>\n\t\t<\/section>\n\t\t\t\t<section class=\"elementor-section elementor-top-section elementor-element elementor-element-0a72177d elementor-section-boxed elementor-section-height-default elementor-section-height-default\" data-id=\"0a72177d\" data-element_type=\"section\" data-e-type=\"section\">\n\t\t\t\t\t\t<div class=\"elementor-container elementor-column-gap-default\">\n\t\t\t\t\t<div class=\"elementor-column elementor-col-100 elementor-top-column elementor-element elementor-element-2f62f08c\" data-id=\"2f62f08c\" data-element_type=\"column\" data-e-type=\"column\">\n\t\t\t<div class=\"elementor-widget-wrap elementor-element-populated\">\n\t\t\t\t\t\t<div class=\"elementor-element elementor-element-83624c90 elementor-widget elementor-widget-heading\" data-id=\"83624c90\" data-element_type=\"widget\" data-e-type=\"widget\" data-widget_type=\"heading.default\">\n\t\t\t\t\t<h2 class=\"elementor-heading-title elementor-size-default\">Les objectifs de l\u2019EMCC :<\/h2>\t\t\t\t<\/div>\n\t\t\t\t\t<\/div>\n\t\t<\/div>\n\t\t\t\t\t<\/div>\n\t\t<\/section>\n\t\t\t\t<section class=\"elementor-section elementor-top-section elementor-element elementor-element-f231b9bb elementor-section-boxed elementor-section-height-default elementor-section-height-default\" data-id=\"f231b9bb\" data-element_type=\"section\" data-e-type=\"section\">\n\t\t\t\t\t\t<div class=\"elementor-container elementor-column-gap-default\">\n\t\t\t\t\t<div class=\"elementor-column elementor-col-100 elementor-top-column elementor-element elementor-element-c51f3e42\" data-id=\"c51f3e42\" data-element_type=\"column\" data-e-type=\"column\">\n\t\t\t<div class=\"elementor-widget-wrap elementor-element-populated\">\n\t\t\t\t\t\t<div class=\"elementor-element elementor-element-3f60a2ea elementor-widget elementor-widget-heading\" data-id=\"3f60a2ea\" data-element_type=\"widget\" data-e-type=\"widget\" data-widget_type=\"heading.default\">\n\t\t\t\t\t<h3 class=\"elementor-heading-title elementor-size-default\">Promouvoir les bonnes pratiques du coaching en Europe, d\u00e9fendre la profession aupr\u00e8s des instances europ\u00e9ennes.<\/h3>\t\t\t\t<\/div>\n\t\t\t\t<div class=\"elementor-element elementor-element-712d92f1 elementor-widget elementor-widget-text-editor\" data-id=\"712d92f1\" data-element_type=\"widget\" data-e-type=\"widget\" data-widget_type=\"text-editor.default\">\n\t\t\t\t\t\t\t\t\t<p><strong>Les principes qui guident l\u2019EMCC sont :<\/strong><\/p>\n<ul><li>L\u2019EMCC est une organisation inclusive et s\u2019adresse \u00e0 tout public s\u2019int\u00e9ressant \u00e0 la promotion de la qualit\u00e9 et du d\u00e9veloppement du coaching et du mentorat<\/li><li>L\u2019EMCC est une organisation paneurop\u00e9enne<\/li><li>L\u2019EMCC est une organisation sans but lucratif, neutre et ind\u00e9pendante<\/li><li>L\u2019EMCC a pour but de rassembler toute personne ou organisation :<br\/>&#8211; Proposant des services de coaching ou de mentorat (y compris les formations et supervisions)<br\/>&#8211; En lien avec la recherche dans les domaines du coaching et du mentorat<br\/>&#8211; Susceptibles d\u2019acheter du coaching ou du mentorat<br\/>&#8211; L\u2019EMCC promeut l\u2019adoption de standards de qualit\u00e9<\/li><\/ul>\t\t\t\t\t\t\t\t<\/div>\n\t\t\t\t\t<\/div>\n\t\t<\/div>\n\t\t\t\t\t<\/div>\n\t\t<\/section>\n\t\t\t\t<\/div>\n\t\t","protected":false},"excerpt":{"rendered":"","protected":false},"author":1,"featured_media":0,"parent":0,"menu_order":0,"comment_status":"closed","ping_status":"closed","template":"","meta":{"footnotes":""},"class_list":["post-5001","page","type-page","status-publish","hentry"],"_links":{"self":[{"href":"https:\/\/wp2026.emccbelgium.org\/index.php\/wp-json\/wp\/v2\/pages\/5001","targetHints":{"allow":["GET"]}}],"collection":[{"href":"https:\/\/wp2026.emccbelgium.org\/index.php\/wp-json\/wp\/v2\/pages"}],"about":[{"href":"https:\/\/wp2026.emccbelgium.org\/index.php\/wp-json\/wp\/v2\/types\/page"}],"author":[{"embeddable":true,"href":"https:\/\/wp2026.emccbelgium.org\/index.php\/wp-json\/wp\/v2\/users\/1"}],"replies":[{"embeddable":true,"href":"https:\/\/wp2026.emccbelgium.org\/index.php\/wp-json\/wp\/v2\/comments?post=5001"}],"version-history":[{"count":0,"href":"https:\/\/wp2026.emccbelgium.org\/index.php\/wp-json\/wp\/v2\/pages\/5001\/revisions"}],"wp:attachment":[{"href":"https:\/\/wp2026.emccbelgium.org\/index.php\/wp-json\/wp\/v2\/media?parent=5001"}],"curies":[{"name":"wp","href":"https:\/\/api.w.org\/{rel}","templated":true}]}}