{"id":5005,"date":"2026-04-25T08:32:12","date_gmt":"2026-04-25T08:32:12","guid":{"rendered":""},"modified":"2026-04-25T08:32:12","modified_gmt":"2026-04-25T08:32:12","slug":"accreditation-eia","status":"publish","type":"page","link":"https:\/\/wp2026.emccbelgium.org\/index.php\/accreditation-eia\/","title":{"rendered":"Accr\u00e9ditation"},"content":{"rendered":"\t\t<div data-elementor-type=\"wp-page\" data-elementor-id=\"5005\" class=\"elementor elementor-5005\">\n\t\t\t\t\t\t<section class=\"elementor-section elementor-top-section elementor-element elementor-element-5df68d7e elementor-section-boxed elementor-section-height-default elementor-section-height-default\" data-id=\"5df68d7e\" data-element_type=\"section\" data-e-type=\"section\">\n\t\t\t\t\t\t<div class=\"elementor-container elementor-column-gap-default\">\n\t\t\t\t\t<div class=\"elementor-column elementor-col-100 elementor-top-column elementor-element elementor-element-c3559e05\" data-id=\"c3559e05\" data-element_type=\"column\" data-e-type=\"column\">\n\t\t\t<div class=\"elementor-widget-wrap elementor-element-populated\">\n\t\t\t\t\t\t<div class=\"elementor-element elementor-element-c20e9659 elementor-widget elementor-widget-heading\" data-id=\"c20e9659\" data-element_type=\"widget\" data-e-type=\"widget\" data-widget_type=\"heading.default\">\n\t\t\t\t\t<h1 class=\"elementor-heading-title elementor-size-default\">Accr\u00e9ditation<\/h1>\t\t\t\t<\/div>\n\t\t\t\t\t<\/div>\n\t\t<\/div>\n\t\t\t\t\t<\/div>\n\t\t<\/section>\n\t\t\t\t<section class=\"elementor-section elementor-top-section elementor-element elementor-element-222cacd9 elementor-section-boxed elementor-section-height-default elementor-section-height-default\" data-id=\"222cacd9\" data-element_type=\"section\" data-e-type=\"section\">\n\t\t\t\t\t\t<div class=\"elementor-container elementor-column-gap-default\">\n\t\t\t\t\t<div class=\"elementor-column elementor-col-100 elementor-top-column elementor-element elementor-element-fb54526c\" data-id=\"fb54526c\" data-element_type=\"column\" data-e-type=\"column\">\n\t\t\t<div class=\"elementor-widget-wrap elementor-element-populated\">\n\t\t\t\t\t\t<div class=\"elementor-element elementor-element-bdd693a2 elementor-widget elementor-widget-heading\" data-id=\"bdd693a2\" data-element_type=\"widget\" data-e-type=\"widget\" data-widget_type=\"heading.default\">\n\t\t\t\t\t<h3 class=\"elementor-heading-title elementor-size-default\">L'EMCC Belgium s'emploie \u00e0 donner toujours plus de sens au m\u00e9tier de coach et \u00e0 mettre en \u00e9vidence la capacit\u00e9 des coachs \u00e0 faire preuve du savoir-\u00eatre indispensable au savoir-faire de leur m\u00e9tier.<\/h3>\t\t\t\t<\/div>\n\t\t\t\t<div class=\"elementor-element elementor-element-a2667298 elementor-widget elementor-widget-text-editor\" data-id=\"a2667298\" data-element_type=\"widget\" data-e-type=\"widget\" data-widget_type=\"text-editor.default\">\n\t\t\t\t\t\t\t\t\t<p>\u00catre accr\u00e9dit\u00e9 EMCC, c&#8217;est \u00eatre reconnu en tant que coach professionnel ayant satisfait aux conditions suivantes: une formation appropri\u00e9e, une pratique professionnelle et une supervision r\u00e9guli\u00e8res, l&#8217;adh\u00e9sion \u00e0 un code d\u00e9ontologique, une formation continue et un v\u00e9ritable travail de d\u00e9veloppement personnel.<\/p>\t\t\t\t\t\t\t\t<\/div>\n\t\t\t\t\t<\/div>\n\t\t<\/div>\n\t\t\t\t\t<\/div>\n\t\t<\/section>\n\t\t\t\t<section class=\"elementor-section elementor-top-section elementor-element elementor-element-a489dd05 elementor-section-boxed elementor-section-height-default elementor-section-height-default\" data-id=\"a489dd05\" data-element_type=\"section\" data-e-type=\"section\">\n\t\t\t\t\t\t<div class=\"elementor-container elementor-column-gap-default\">\n\t\t\t\t\t<div class=\"elementor-column elementor-col-100 elementor-top-column elementor-element elementor-element-33031e02\" data-id=\"33031e02\" data-element_type=\"column\" data-e-type=\"column\">\n\t\t\t<div class=\"elementor-widget-wrap elementor-element-populated\">\n\t\t\t\t\t\t<div class=\"elementor-element elementor-element-fa7ca495 elementor-widget elementor-widget-heading\" data-id=\"fa7ca495\" data-element_type=\"widget\" data-e-type=\"widget\" data-widget_type=\"heading.default\">\n\t\t\t\t\t<h3 class=\"elementor-heading-title elementor-size-default\">Les avantages sp\u00e9cifiques pour les membres accr\u00e9dit\u00e9s EMCC Belgium<\/h3>\t\t\t\t<\/div>\n\t\t\t\t<div class=\"elementor-element elementor-element-79bec7e7 elementor-widget elementor-widget-text-editor\" data-id=\"79bec7e7\" data-element_type=\"widget\" data-e-type=\"widget\" data-widget_type=\"text-editor.default\">\n\t\t\t\t\t\t\t\t\t<ul><li>Reconnaissance de qualification et cr\u00e9dibilit\u00e9 aupr\u00e8s des entreprises. Il est autoris\u00e9 de mentionner \u00ab Coach accr\u00e9dit\u00e9 EIA par l&#8217;EMCC \u00bb dans sa communication<\/li><li>Pr\u00e9sence dans l&#8217;annuaire des Coachs accr\u00e9dit\u00e9s sur le site d&#8217;EMCC Global<\/li><li>B\u00e9n\u00e9fice de la communication de l&#8217;association et des actions de mise en avant des coachs accr\u00e9dit\u00e9s<\/li><li>L&#8217;accr\u00e9ditation est souvent exig\u00e9e de la part des Institutions Europ\u00e9ennes et des nombreux &#8220;headquarters&#8221; \u00e9tablis en Belgique.<\/li><\/ul>\t\t\t\t\t\t\t\t<\/div>\n\t\t\t\t\t<\/div>\n\t\t<\/div>\n\t\t\t\t\t<\/div>\n\t\t<\/section>\n\t\t\t\t<section class=\"elementor-section elementor-top-section elementor-element elementor-element-fa770aa4 elementor-section-boxed elementor-section-height-default elementor-section-height-default\" data-id=\"fa770aa4\" data-element_type=\"section\" data-e-type=\"section\">\n\t\t\t\t\t\t<div class=\"elementor-container elementor-column-gap-default\">\n\t\t\t\t\t<div class=\"elementor-column elementor-col-100 elementor-top-column elementor-element elementor-element-ef858481\" data-id=\"ef858481\" data-element_type=\"column\" data-e-type=\"column\">\n\t\t\t<div class=\"elementor-widget-wrap elementor-element-populated\">\n\t\t\t\t\t\t<div class=\"elementor-element elementor-element-74892245 elementor-widget elementor-widget-heading\" data-id=\"74892245\" data-element_type=\"widget\" data-e-type=\"widget\" data-widget_type=\"heading.default\">\n\t\t\t\t\t<h2 class=\"elementor-heading-title elementor-size-default\">L'Accr\u00e9ditation europ\u00e9enne individuelle - EIA<\/h2>\t\t\t\t<\/div>\n\t\t\t\t<div class=\"elementor-element elementor-element-68bafc73 elementor-widget elementor-widget-text-editor\" data-id=\"68bafc73\" data-element_type=\"widget\" data-e-type=\"widget\" data-widget_type=\"text-editor.default\">\n\t\t\t\t\t\t\t\t\t<p>L&#8217;EIA (European Individual Accreditation, accr\u00e9ditation europ\u00e9enne individuelle) est un syst\u00e8me d&#8217;accr\u00e9ditation (ou reconnaissance par des pairs) qui valide le niveau de professionnalisme d&#8217;un coach par :<\/p>\n<ul><li>les comp\u00e9tences,<\/li><li>les exp\u00e9riences,<\/li><li>la posture,<\/li><li>la d\u00e9marche,<\/li><li>la r\u00e9flexion sur la pratique<\/li><\/ul>\n<p>L&#8217;accr\u00e9ditation EIA se fait selon 4 niveaux :<\/p>\n<ul><li>Junior<\/li><li>Praticien<\/li><li>Praticien senior<\/li><li>Master<\/li><\/ul>\n<p>L&#8217;\u00e9valuation consid\u00e8re <a href=\"..\/trouver-un-coach\/8-competences.html\" rel=\"noopener\" target=\"_blank\">8 cat\u00e9gories de comp\u00e9tences<\/a>:<\/p>\n<ol><li>Conscience de soi<\/li><li>Engagement pour le d\u00e9veloppement personnel et professionnel<\/li><li>Gestion du contrat<\/li><li>Construction de la relation<\/li><li>Accompagnement de l&#8217;\u00e9mergence de prises de conscience et d&#8217;enseignements<\/li><li>Orientation sur le r\u00e9sultat et l&#8217;action<\/li><li>Utilisation des mod\u00e8les et techniques<\/li><li>\u00c9valuation<\/li><\/ol>\n<p>Il s&#8217;agit donc bien d&#8217;un parcours de professionnalisation qui fait ainsi \u00e9voluer progressivement le coach de Junior jusqu&#8217;\u00e0 Master (en passant par Praticien et Praticien Senior). S&#8217;y engager permet de garantir aux clients que le niveau de professionnalisme a \u00e9t\u00e9 valid\u00e9 et reconnu au niveau europ\u00e9en par des pairs seniors au terme d&#8217;un processus exigeant et dont la dimension de d\u00e9veloppement professionnel est reconnue.<\/p>\t\t\t\t\t\t\t\t<\/div>\n\t\t\t\t\t<\/div>\n\t\t<\/div>\n\t\t\t\t\t<\/div>\n\t\t<\/section>\n\t\t\t\t<section class=\"elementor-section elementor-top-section elementor-element elementor-element-b8eb8f80 elementor-section-boxed elementor-section-height-default elementor-section-height-default\" data-id=\"b8eb8f80\" data-element_type=\"section\" data-e-type=\"section\">\n\t\t\t\t\t\t<div class=\"elementor-container elementor-column-gap-default\">\n\t\t\t\t\t<div class=\"elementor-column elementor-col-100 elementor-top-column elementor-element elementor-element-ff5886e4\" data-id=\"ff5886e4\" data-element_type=\"column\" data-e-type=\"column\">\n\t\t\t<div class=\"elementor-widget-wrap elementor-element-populated\">\n\t\t\t\t\t\t<div class=\"elementor-element elementor-element-f546a750 elementor-widget elementor-widget-heading\" data-id=\"f546a750\" data-element_type=\"widget\" data-e-type=\"widget\" data-widget_type=\"heading.default\">\n\t\t\t\t\t<h2 class=\"elementor-heading-title elementor-size-default\">Documents t\u00e9l\u00e9chargeables:<\/h2>\t\t\t\t<\/div>\n\t\t\t\t<div class=\"elementor-element elementor-element-73b23646 elementor-widget elementor-widget-text-editor\" data-id=\"73b23646\" data-element_type=\"widget\" data-e-type=\"widget\" data-widget_type=\"text-editor.default\">\n\t\t\t\t\t\t\t\t\t<p>Le processus diff\u00e8re selon que le candidat soit issu d&#8217;une \u00e9cole labellis\u00e9e EMCC (dite EQA: European Quality Award) ou non et selon qu&#8217;il d\u00e9tienne une accr\u00e9ditation d&#8217;une autre association professionnelle\u00a0 ou non.<\/p>\n<p>La liste des \u00e9coles labelis\u00e9es EQA se trouve ici: <a href=\"https:\/\/www.emccglobal.org\/accreditation\/eqa\/eqa-awards\/\" rel=\"noopener\" target=\"_blank\">https:\/\/www.emccglobal.org\/accreditation\/eqa\/eqa-awards\/<\/a><\/p>\n<p>Pour les candidats certifi\u00e9s par une formation EQA depuis moins de 2 ans:<\/p>\n<ul><li>Guide du candidat avec EQA : <a href=\"https:\/\/emccdrive.emccglobal.org\/api\/file\/download\/6H8EpOVA5jCtEtfv3y4fSAUU8Keme3aWAZvaX45J\" rel=\"noopener\" target=\"_blank\">https:\/\/emccdrive.emccglobal.org\/api\/file\/download\/6H8EpOVA5jCtEtfv3y4fSAUU8Keme3aWAZvaX45J<\/a><\/li><\/ul>\n<p>Pour les candidats issus d&#8217;autres formations:<\/p>\n<ul><li>Guide du candidat sans EQA : <a href=\"https:\/\/emccdrive.emccglobal.org\/api\/file\/download\/Tadpft2rdMPOZQ92un6bLQPMVEyYF9hACE1OT5Nh\" rel=\"noopener\" target=\"_blank\">https:\/\/emccdrive.emccglobal.org\/api\/file\/download\/Tadpft2rdMPOZQ92un6bLQPMVEyYF9hACE1OT5Nh<\/a><\/li><\/ul>\n<p>Pour les candidats certifi\u00e9s ICF ou autre:<\/p>\n<ul><li>Guide du candidat passerelle : <a href=\"https:\/\/emccdrive.emccglobal.org\/api\/file\/download\/YTFwJ7zmEqqCe9KBs448LpVQB80d6GoMehjPO4GJ\" rel=\"noopener\" target=\"_blank\">https:\/\/emccdrive.emccglobal.org\/api\/file\/download\/YTFwJ7zmEqqCe9KBs448LpVQB80d6GoMehjPO4GJ<\/a> (en anglais)<\/li><\/ul>\n<p>Pour les candidats renouvelant leur accr\u00e9ditation (au m\u00eame niveau):<\/p>\n<ul><li>Guide de renouvellement : <a href=\"https:\/\/emccdrive.emccglobal.org\/api\/file\/download\/lzB8sxhXkGMx6Qrvr39BGTfAU6QCcq1DsrVGQIcA\" rel=\"noopener\" target=\"_blank\">https:\/\/emccdrive.emccglobal.org\/api\/file\/download\/lzB8sxhXkGMx6Qrvr39BGTfAU6QCcq1DsrVGQIcA<\/a><\/li><\/ul>\n<p>Pour les candidats passant au niveau sup\u00e9rieur:<\/p>\n<ul><li>Guide du candidat: <a href=\"https:\/\/emccdrive.emccglobal.org\/api\/file\/download\/99SzvL2g8E9lUfz8nJfHTVWHthNFcQJJqJS8JqP4\" rel=\"noopener\" target=\"_blank\">https:\/\/emccdrive.emccglobal.org\/api\/file\/download\/99SzvL2g8E9lUfz8nJfHTVWHthNFcQJJqJS8JqP4<\/a> (en anglais)<\/li><\/ul>\t\t\t\t\t\t\t\t<\/div>\n\t\t\t\t\t<\/div>\n\t\t<\/div>\n\t\t\t\t\t<\/div>\n\t\t<\/section>\n\t\t\t\t<section class=\"elementor-section elementor-top-section elementor-element elementor-element-205ae4c5 elementor-section-boxed elementor-section-height-default elementor-section-height-default\" data-id=\"205ae4c5\" data-element_type=\"section\" data-e-type=\"section\">\n\t\t\t\t\t\t<div class=\"elementor-container elementor-column-gap-default\">\n\t\t\t\t\t<div class=\"elementor-column elementor-col-100 elementor-top-column elementor-element elementor-element-86942513\" data-id=\"86942513\" data-element_type=\"column\" data-e-type=\"column\">\n\t\t\t<div class=\"elementor-widget-wrap elementor-element-populated\">\n\t\t\t\t\t\t<div class=\"elementor-element elementor-element-f148ffa5 elementor-widget elementor-widget-heading\" data-id=\"f148ffa5\" data-element_type=\"widget\" data-e-type=\"widget\" data-widget_type=\"heading.default\">\n\t\t\t\t\t<h2 class=\"elementor-heading-title elementor-size-default\">Int\u00e9ress\u00e9(e)?<\/h2>\t\t\t\t<\/div>\n\t\t\t\t<div class=\"elementor-element elementor-element-14aad4e2 elementor-widget elementor-widget-text-editor\" data-id=\"14aad4e2\" data-element_type=\"widget\" data-e-type=\"widget\" data-widget_type=\"text-editor.default\">\n\t\t\t\t\t\t\t\t\t<p>Contactez <!-- Cette adresse \u00e9lectronique est prot\u00e9g\u00e9e contre les robots spammeurs. --><a href=\"javascript:\/* Cette adresse \u00e9lectronique est prot\u00e9g\u00e9e contre les robots spammeurs.*\/\" target=\"_blank\"><\/a> pour recevoir toutes les informations et le support n\u00e9cessaires \u00e0 l&#8217;introduction de votre dossier aupr\u00e8s d&#8217;EMCC Global..<\/p>\n<p><a class=\"btn btn-primary\" href=\"..\/..\/images\/doc\/Application_Form_FR.pdf\" target=\"_blank\">Devenez membre<\/a><\/p>\t\t\t\t\t\t\t\t<\/div>\n\t\t\t\t\t<\/div>\n\t\t<\/div>\n\t\t\t\t\t<\/div>\n\t\t<\/section>\n\t\t\t\t<\/div>\n\t\t","protected":false},"excerpt":{"rendered":"","protected":false},"author":1,"featured_media":0,"parent":0,"menu_order":0,"comment_status":"closed","ping_status":"closed","template":"","meta":{"footnotes":""},"class_list":["post-5005","page","type-page","status-publish","hentry"],"_links":{"self":[{"href":"https:\/\/wp2026.emccbelgium.org\/index.php\/wp-json\/wp\/v2\/pages\/5005","targetHints":{"allow":["GET"]}}],"collection":[{"href":"https:\/\/wp2026.emccbelgium.org\/index.php\/wp-json\/wp\/v2\/pages"}],"about":[{"href":"https:\/\/wp2026.emccbelgium.org\/index.php\/wp-json\/wp\/v2\/types\/page"}],"author":[{"embeddable":true,"href":"https:\/\/wp2026.emccbelgium.org\/index.php\/wp-json\/wp\/v2\/users\/1"}],"replies":[{"embeddable":true,"href":"https:\/\/wp2026.emccbelgium.org\/index.php\/wp-json\/wp\/v2\/comments?post=5005"}],"version-history":[{"count":1,"href":"https:\/\/wp2026.emccbelgium.org\/index.php\/wp-json\/wp\/v2\/pages\/5005\/revisions"}],"predecessor-version":[{"id":5074,"href":"https:\/\/wp2026.emccbelgium.org\/index.php\/wp-json\/wp\/v2\/pages\/5005\/revisions\/5074"}],"wp:attachment":[{"href":"https:\/\/wp2026.emccbelgium.org\/index.php\/wp-json\/wp\/v2\/media?parent=5005"}],"curies":[{"name":"wp","href":"https:\/\/api.w.org\/{rel}","templated":true}]}}