{"id":5007,"date":"2026-04-25T08:32:12","date_gmt":"2026-04-25T08:32:12","guid":{"rendered":""},"modified":"2026-04-25T08:32:12","modified_gmt":"2026-04-25T08:32:12","slug":"coaching-solidaire","status":"publish","type":"page","link":"https:\/\/wp2026.emccbelgium.org\/index.php\/coaching-solidaire\/","title":{"rendered":"Le coaching solidaire"},"content":{"rendered":"\t\t<div data-elementor-type=\"wp-page\" data-elementor-id=\"5007\" class=\"elementor elementor-5007\">\n\t\t\t\t\t\t<section class=\"elementor-section elementor-top-section elementor-element elementor-element-013540e2 elementor-section-boxed elementor-section-height-default elementor-section-height-default\" data-id=\"013540e2\" data-element_type=\"section\" data-e-type=\"section\">\n\t\t\t\t\t\t<div class=\"elementor-container elementor-column-gap-default\">\n\t\t\t\t\t<div class=\"elementor-column elementor-col-100 elementor-top-column elementor-element elementor-element-ff2ff043\" data-id=\"ff2ff043\" data-element_type=\"column\" data-e-type=\"column\">\n\t\t\t<div class=\"elementor-widget-wrap elementor-element-populated\">\n\t\t\t\t\t\t<div class=\"elementor-element elementor-element-0c05aeba elementor-widget elementor-widget-heading\" data-id=\"0c05aeba\" data-element_type=\"widget\" data-e-type=\"widget\" data-widget_type=\"heading.default\">\n\t\t\t\t\t<h1 class=\"elementor-heading-title elementor-size-default\">Le coaching solidaire<\/h1>\t\t\t\t<\/div>\n\t\t\t\t\t<\/div>\n\t\t<\/div>\n\t\t\t\t\t<\/div>\n\t\t<\/section>\n\t\t\t\t<section class=\"elementor-section elementor-top-section elementor-element elementor-element-1bed2451 elementor-section-boxed elementor-section-height-default elementor-section-height-default\" data-id=\"1bed2451\" data-element_type=\"section\" data-e-type=\"section\">\n\t\t\t\t\t\t<div class=\"elementor-container elementor-column-gap-default\">\n\t\t\t\t\t<div class=\"elementor-column elementor-col-100 elementor-top-column elementor-element elementor-element-8d627c18\" data-id=\"8d627c18\" data-element_type=\"column\" data-e-type=\"column\">\n\t\t\t<div class=\"elementor-widget-wrap elementor-element-populated\">\n\t\t\t\t\t\t<div class=\"elementor-element elementor-element-b91039d6 elementor-widget elementor-widget-text-editor\" data-id=\"b91039d6\" data-element_type=\"widget\" data-e-type=\"widget\" data-widget_type=\"text-editor.default\">\n\t\t\t\t\t\t\t\t\t<p>EMCC Belgium a \u00e0 c\u0153ur de promouvoir les meilleures pratiques dans les m\u00e9tiers de l\u2019accompagnement au b\u00e9n\u00e9fice de toute la soci\u00e9t\u00e9.<\/p>\n<p>Dans ce contexte, le d\u00e9partement SOLIDARITY COACHING de l\u2019EMCC Belgium a pour objectif de\u00a0:<\/p>\n<ul><li>Ouvrir l\u2019acc\u00e8s au coaching \u00e0 des personnes qui n\u2019en ont pas les moyens et faire conna\u00eetre par ce biais le coaching au plus grand nombre,<\/li><li>D\u00e9mocratiser le coaching comme outil de r\u00e9insertion et de remobilisation sociale<\/li><li>Impliquer dans une d\u00e9marche participative, b\u00e9n\u00e9vole et soci\u00e9tale les coachs qui r\u00e9pondent \u00e0 certaines conditions.<\/li><\/ul>\n<p>EMCC Belgium compte 154 membres en juin 2021. Parmi ceux-ci, 79 professionnels aguerris ont marqu\u00e9 leur int\u00e9r\u00eat pour collaborer \u00e0 des projets de SOLIDARITY COACHING.<\/p>\n<p>En sus de leurs formation et exp\u00e9rience, ils sont supervis\u00e9s dans le cadre de leur activit\u00e9 SOLIDARITY par une dizaine de superviseurs SOLIDARITY b\u00e9n\u00e9voles.<\/p>\t\t\t\t\t\t\t\t<\/div>\n\t\t\t\t\t<\/div>\n\t\t<\/div>\n\t\t\t\t\t<\/div>\n\t\t<\/section>\n\t\t\t\t<section class=\"elementor-section elementor-top-section elementor-element elementor-element-64638407 elementor-section-boxed elementor-section-height-default elementor-section-height-default\" data-id=\"64638407\" data-element_type=\"section\" data-e-type=\"section\">\n\t\t\t\t\t\t<div class=\"elementor-container elementor-column-gap-default\">\n\t\t\t\t\t<div class=\"elementor-column elementor-col-100 elementor-top-column elementor-element elementor-element-2a040801\" data-id=\"2a040801\" data-element_type=\"column\" data-e-type=\"column\">\n\t\t\t<div class=\"elementor-widget-wrap elementor-element-populated\">\n\t\t\t\t\t\t<div class=\"elementor-element elementor-element-9f0faa9a elementor-widget elementor-widget-heading\" data-id=\"9f0faa9a\" data-element_type=\"widget\" data-e-type=\"widget\" data-widget_type=\"heading.default\">\n\t\t\t\t\t<h2 class=\"elementor-heading-title elementor-size-default\">Qui sont les ASBL et personnes qui peuvent b\u00e9n\u00e9ficier du solidarity coaching ?<\/h2>\t\t\t\t<\/div>\n\t\t\t\t<div class=\"elementor-element elementor-element-0ad23a74 elementor-widget elementor-widget-text-editor\" data-id=\"0ad23a74\" data-element_type=\"widget\" data-e-type=\"widget\" data-widget_type=\"text-editor.default\">\n\t\t\t\t\t\t\t\t\t<ul><li>Les b\u00e9n\u00e9voles travaillant pour des associations caritatives (ASBL) \u00e0 vocation sociale forte et\/ou leurs b\u00e9n\u00e9ficiaires r\u00e9sidant en Belgique, peuvent b\u00e9n\u00e9ficier de SOLIDARITY coaching pour autant que ces associations soient membres organisationnels d&#8217;EMCC Belgium.<\/li><\/ul>\n<p>Le coaching peut concerner une seule ou plusieurs personnes sous forme de coaching individuel ou d&#8217;\u00e9quipe.<\/p>\n<ul><li>Toute personne vivant avec un revenu d&#8217;un montant limit\u00e9 d\u00e9fini annuellement par l\u2019EMCC Belgium (&lt;1.000 EUR net \/ mois en juin 2021) et\/ou qui se trouve dans l\u2019une des situations suivantes :\n<ul>\n<li>Personne d\u00e9sign\u00e9e dans les accords de partenariat SOLIDARITY avec l\u2019EMCC Belgium<\/li>\n<li>Personnes en recherche d\u2019emploi \/ demandeuses d\u2019emploi en situation de grande pr\u00e9carit\u00e9.<\/li>\n<\/ul><\/li><\/ul>\t\t\t\t\t\t\t\t<\/div>\n\t\t\t\t\t<\/div>\n\t\t<\/div>\n\t\t\t\t\t<\/div>\n\t\t<\/section>\n\t\t\t\t<section class=\"elementor-section elementor-top-section elementor-element elementor-element-486fdd3d elementor-section-boxed elementor-section-height-default elementor-section-height-default\" data-id=\"486fdd3d\" data-element_type=\"section\" data-e-type=\"section\">\n\t\t\t\t\t\t<div class=\"elementor-container elementor-column-gap-default\">\n\t\t\t\t\t<div class=\"elementor-column elementor-col-100 elementor-top-column elementor-element elementor-element-33921aff\" data-id=\"33921aff\" data-element_type=\"column\" data-e-type=\"column\">\n\t\t\t<div class=\"elementor-widget-wrap elementor-element-populated\">\n\t\t\t\t\t\t<div class=\"elementor-element elementor-element-280f0543 elementor-widget elementor-widget-heading\" data-id=\"280f0543\" data-element_type=\"widget\" data-e-type=\"widget\" data-widget_type=\"heading.default\">\n\t\t\t\t\t<h2 class=\"elementor-heading-title elementor-size-default\">Le solidarity coaching est-il payant ?<\/h2>\t\t\t\t<\/div>\n\t\t\t\t<div class=\"elementor-element elementor-element-ab1860c4 elementor-widget elementor-widget-text-editor\" data-id=\"ab1860c4\" data-element_type=\"widget\" data-e-type=\"widget\" data-widget_type=\"text-editor.default\">\n\t\t\t\t\t\t\t\t\t<ul><li>Les associations partenaires doivent \u00eatre membre organisationnel de l\u2019EMCC Belgium et s\u2019acquitter d\u2019une cotisation annuelle de 450 EUR.<\/li><li>Les b\u00e9n\u00e9ficiaires de SOLIDARITY coaching seront invit\u00e9s \u00e0 contribuer librement, en conscience.<\/li><\/ul>\t\t\t\t\t\t\t\t<\/div>\n\t\t\t\t\t<\/div>\n\t\t<\/div>\n\t\t\t\t\t<\/div>\n\t\t<\/section>\n\t\t\t\t<section class=\"elementor-section elementor-top-section elementor-element elementor-element-75305285 elementor-section-boxed elementor-section-height-default elementor-section-height-default\" data-id=\"75305285\" data-element_type=\"section\" data-e-type=\"section\">\n\t\t\t\t\t\t<div class=\"elementor-container elementor-column-gap-default\">\n\t\t\t\t\t<div class=\"elementor-column elementor-col-100 elementor-top-column elementor-element elementor-element-6671a42e\" data-id=\"6671a42e\" data-element_type=\"column\" data-e-type=\"column\">\n\t\t\t<div class=\"elementor-widget-wrap elementor-element-populated\">\n\t\t\t\t\t\t<div class=\"elementor-element elementor-element-5bb06ca0 elementor-widget elementor-widget-heading\" data-id=\"5bb06ca0\" data-element_type=\"widget\" data-e-type=\"widget\" data-widget_type=\"heading.default\">\n\t\t\t\t\t<h2 class=\"elementor-heading-title elementor-size-default\">Quelles sont les modalit\u00e9s et la dur\u00e9e du coaching ?<\/h2>\t\t\t\t<\/div>\n\t\t\t\t<div class=\"elementor-element elementor-element-4a190f4d elementor-widget elementor-widget-text-editor\" data-id=\"4a190f4d\" data-element_type=\"widget\" data-e-type=\"widget\" data-widget_type=\"text-editor.default\">\n\t\t\t\t\t\t\t\t\t<ul><li>Apr\u00e8s acceptation de la demande par le d\u00e9partement SOLIDARITY coaching d\u2019EMCC Belgium, le coordinateur du d\u00e9partement mettra le b\u00e9n\u00e9ficiaire du coaching en contact avec un SOLIDARITY coach.<\/li><\/ul>\n<p>\u00c0 la suite du premier rendez-vous, les deux parties confirmeront si elles souhaitent s\u2019engager dans un parcours. Dans l\u2019hypoth\u00e8se o\u00f9 le coach et\/ou le coach\u00e9 choisissent de ne pas entamer de trajet ensemble, un nouveau SOLIDARITY coach sera propos\u00e9 par le coordinateur.<\/p>\n<ul><li>Les participants b\u00e9n\u00e9ficieront d\u2019un maximum de 10 heures de s\u00e9ances de coaching,\n<ul>\n<li>R\u00e9parties en sessions d\u20191 \u00e0 2 heures,<\/li>\n<li>Organis\u00e9es toutes les 2 \u00e0 4 semaines,<\/li>\n<li>Sur une p\u00e9riode de 3 \u00e0 6 mois.<\/li>\n<\/ul><\/li><\/ul>\n<ul><li>Les sessions se d\u00e9rouleront en face-\u00e0-face ou en vid\u00e9o-conf\u00e9rence en fonction des possibilit\u00e9s de la personne coach\u00e9e et du coach.<\/li><\/ul>\t\t\t\t\t\t\t\t<\/div>\n\t\t\t\t\t<\/div>\n\t\t<\/div>\n\t\t\t\t\t<\/div>\n\t\t<\/section>\n\t\t\t\t<section class=\"elementor-section elementor-top-section elementor-element elementor-element-c574d34a elementor-section-boxed elementor-section-height-default elementor-section-height-default\" data-id=\"c574d34a\" data-element_type=\"section\" data-e-type=\"section\">\n\t\t\t\t\t\t<div class=\"elementor-container elementor-column-gap-default\">\n\t\t\t\t\t<div class=\"elementor-column elementor-col-100 elementor-top-column elementor-element elementor-element-95678f75\" data-id=\"95678f75\" data-element_type=\"column\" data-e-type=\"column\">\n\t\t\t<div class=\"elementor-widget-wrap elementor-element-populated\">\n\t\t\t\t\t\t<div class=\"elementor-element elementor-element-fad287bf elementor-widget elementor-widget-heading\" data-id=\"fad287bf\" data-element_type=\"widget\" data-e-type=\"widget\" data-widget_type=\"heading.default\">\n\t\t\t\t\t<h2 class=\"elementor-heading-title elementor-size-default\">Comment faire une demande ou avoir plus de renseignements ?<\/h2>\t\t\t\t<\/div>\n\t\t\t\t<div class=\"elementor-element elementor-element-23198c35 elementor-widget elementor-widget-text-editor\" data-id=\"23198c35\" data-element_type=\"widget\" data-e-type=\"widget\" data-widget_type=\"text-editor.default\">\n\t\t\t\t\t\t\t\t\t<p>Il vous suffit de contacter notre association via mail: <!-- Cette adresse \u00e9lectronique est prot\u00e9g\u00e9e contre les robots spammeurs. --><a href=\"javascript:\/* Cette adresse \u00e9lectronique est prot\u00e9g\u00e9e contre les robots spammeurs.*\/\">.<\/a><\/p>\n<p>Nous reviendrons vers vous pour r\u00e9pondre \u00e0 vos questions et vous aider \u00e0 formaliser votre demande; nous voulons simplifier au maximum le processus visant \u00e0 obtenir l&#8217;octroi d&#8217;un SOLIDARITY coaching.<\/p>\n<p><a class=\"btn btn-primary\" href=\"..\/..\/images\/doc\/Application_Form_FR.pdf\" target=\"_blank\">Devenez membre<\/a><\/p>\t\t\t\t\t\t\t\t<\/div>\n\t\t\t\t\t<\/div>\n\t\t<\/div>\n\t\t\t\t\t<\/div>\n\t\t<\/section>\n\t\t\t\t<\/div>\n\t\t","protected":false},"excerpt":{"rendered":"","protected":false},"author":1,"featured_media":0,"parent":0,"menu_order":0,"comment_status":"closed","ping_status":"closed","template":"","meta":{"footnotes":""},"class_list":["post-5007","page","type-page","status-publish","hentry"],"_links":{"self":[{"href":"https:\/\/wp2026.emccbelgium.org\/index.php\/wp-json\/wp\/v2\/pages\/5007","targetHints":{"allow":["GET"]}}],"collection":[{"href":"https:\/\/wp2026.emccbelgium.org\/index.php\/wp-json\/wp\/v2\/pages"}],"about":[{"href":"https:\/\/wp2026.emccbelgium.org\/index.php\/wp-json\/wp\/v2\/types\/page"}],"author":[{"embeddable":true,"href":"https:\/\/wp2026.emccbelgium.org\/index.php\/wp-json\/wp\/v2\/users\/1"}],"replies":[{"embeddable":true,"href":"https:\/\/wp2026.emccbelgium.org\/index.php\/wp-json\/wp\/v2\/comments?post=5007"}],"version-history":[{"count":0,"href":"https:\/\/wp2026.emccbelgium.org\/index.php\/wp-json\/wp\/v2\/pages\/5007\/revisions"}],"wp:attachment":[{"href":"https:\/\/wp2026.emccbelgium.org\/index.php\/wp-json\/wp\/v2\/media?parent=5007"}],"curies":[{"name":"wp","href":"https:\/\/api.w.org\/{rel}","templated":true}]}}