{"id":5008,"date":"2026-04-25T08:32:12","date_gmt":"2026-04-25T08:32:12","guid":{"rendered":""},"modified":"2026-04-25T08:32:12","modified_gmt":"2026-04-25T08:32:12","slug":"pourquoi-emcc-coach","status":"publish","type":"page","link":"https:\/\/wp2026.emccbelgium.org\/index.php\/pourquoi-emcc-coach\/","title":{"rendered":"Pourquoi choisir l&#8217;EMCC en tant que coach ?"},"content":{"rendered":"\t\t<div data-elementor-type=\"wp-page\" data-elementor-id=\"5008\" class=\"elementor elementor-5008\">\n\t\t\t\t\t\t<section class=\"elementor-section elementor-top-section elementor-element elementor-element-8cd3355e elementor-section-boxed elementor-section-height-default elementor-section-height-default\" data-id=\"8cd3355e\" data-element_type=\"section\" data-e-type=\"section\">\n\t\t\t\t\t\t<div class=\"elementor-container elementor-column-gap-default\">\n\t\t\t\t\t<div class=\"elementor-column elementor-col-100 elementor-top-column elementor-element elementor-element-e89917f4\" data-id=\"e89917f4\" data-element_type=\"column\" data-e-type=\"column\">\n\t\t\t<div class=\"elementor-widget-wrap elementor-element-populated\">\n\t\t\t\t\t\t<div class=\"elementor-element elementor-element-479e056a elementor-widget elementor-widget-heading\" data-id=\"479e056a\" data-element_type=\"widget\" data-e-type=\"widget\" data-widget_type=\"heading.default\">\n\t\t\t\t\t<h1 class=\"elementor-heading-title elementor-size-default\">Pourquoi choisir l'EMCC en tant que coach ?<\/h1>\t\t\t\t<\/div>\n\t\t\t\t\t<\/div>\n\t\t<\/div>\n\t\t\t\t\t<\/div>\n\t\t<\/section>\n\t\t\t\t<section class=\"elementor-section elementor-top-section elementor-element elementor-element-6611bddd elementor-section-boxed elementor-section-height-default elementor-section-height-default\" data-id=\"6611bddd\" data-element_type=\"section\" data-e-type=\"section\">\n\t\t\t\t\t\t<div class=\"elementor-container elementor-column-gap-default\">\n\t\t\t\t\t<div class=\"elementor-column elementor-col-100 elementor-top-column elementor-element elementor-element-91e1ee1a\" data-id=\"91e1ee1a\" data-element_type=\"column\" data-e-type=\"column\">\n\t\t\t<div class=\"elementor-widget-wrap elementor-element-populated\">\n\t\t\t\t\t\t<div class=\"elementor-element elementor-element-de268ae1 elementor-widget elementor-widget-text-editor\" data-id=\"de268ae1\" data-element_type=\"widget\" data-e-type=\"widget\" data-widget_type=\"text-editor.default\">\n\t\t\t\t\t\t\t\t\t<p>En faisant le choix de l&#8217;EMCC Belgium, vous <strong>rejoignez un &#8220;r\u00e9seau&#8221; de coachs reconnus pour leur professionnalisme, leur \u00e9thique et leur dynamisme.<\/strong><\/p>\n<p>Vous choisissez une association \u00e0 envergure europ\u00e9enne, activement investie dans le domaine de la promotion de la profession de coach et qui a su d\u00e9velopper une <strong>cr\u00e9dibilit\u00e9 importante aupr\u00e8s des institutions europ\u00e9ennes<\/strong> pour d\u00e9fendre au mieux vos int\u00e9r\u00eats.<\/p>\n<p>Vous contribuez \u00e0 l&#8217;<strong>\u00e9volution du m\u00e9tier et au d\u00e9veloppement durable et humaniste de notre soci\u00e9t\u00e9<\/strong>. Chacun avec ses propres comp\u00e9tences a sa place pour s\u2019y investir et votre engagement personnel est la clef du succ\u00e8s de l\u2019association.<\/p>\t\t\t\t\t\t\t\t<\/div>\n\t\t\t\t\t<\/div>\n\t\t<\/div>\n\t\t\t\t\t<\/div>\n\t\t<\/section>\n\t\t\t\t<section class=\"elementor-section elementor-top-section elementor-element elementor-element-b3ea4d36 elementor-section-boxed elementor-section-height-default elementor-section-height-default\" data-id=\"b3ea4d36\" data-element_type=\"section\" data-e-type=\"section\">\n\t\t\t\t\t\t<div class=\"elementor-container elementor-column-gap-default\">\n\t\t\t\t\t<div class=\"elementor-column elementor-col-100 elementor-top-column elementor-element elementor-element-9055fa95\" data-id=\"9055fa95\" data-element_type=\"column\" data-e-type=\"column\">\n\t\t\t<div class=\"elementor-widget-wrap elementor-element-populated\">\n\t\t\t\t\t\t<div class=\"elementor-element elementor-element-ac78571b elementor-widget elementor-widget-heading\" data-id=\"ac78571b\" data-element_type=\"widget\" data-e-type=\"widget\" data-widget_type=\"heading.default\">\n\t\t\t\t\t<h2 class=\"elementor-heading-title elementor-size-default\">Vos avantages :<\/h2>\t\t\t\t<\/div>\n\t\t\t\t<div class=\"elementor-element elementor-element-7e5d13a5 elementor-widget elementor-widget-text-editor\" data-id=\"7e5d13a5\" data-element_type=\"widget\" data-e-type=\"widget\" data-widget_type=\"text-editor.default\">\n\t\t\t\t\t\t\t\t\t<p>En devenant membre adh\u00e9rent vous b\u00e9n\u00e9ficierez de nombreux avantages :<\/p>\n<ul><li><strong>L\u2019appartenance \u00e0 un r\u00e9seau<\/strong> de membres actifs (Acc\u00e8s aux informations et coordonn\u00e9es des membres).<\/li><li>L\u2019acc\u00e8s <strong>prioritaire<\/strong> aux activit\u00e9s de l\u2019EMCC Belgium \u00e0 <strong>prix pr\u00e9f\u00e9rentiel<\/strong>.<\/li><li>Conf\u00e9rences annuelles de l\u2019EMCC <strong>\u00e0 prix pr\u00e9f\u00e9rentiel<\/strong>.<\/li><li><strong>L\u2019acc\u00e8s \u00e0 l\u2019assurance RC professionnelle<\/strong> couvrant sp\u00e9cifiquement les risques du m\u00e9tier de coach.<\/li><li>La possibilit\u00e9 <strong>d\u2019offrir<\/strong> votre temps dans le cadre du <strong>coaching solidaire<\/strong>.<\/li><li><strong>L&#8217;acc\u00e8s gratuit aux ateliers de supervision<\/strong> (prioritairement au coaching solidaire).<\/li><li>La <strong>newsletter EMCC<\/strong> et son actualit\u00e9 sur le coaching en Europe.<\/li><li>La possibilit\u00e9 de contribuer au m\u00e9tier \u00e0 travers la <strong>publication d\u2019articles<\/strong> en lien avec le coaching et les valeurs de l\u2019EMCC.<\/li><li>Une visibilit\u00e9 en tant que <strong>coach accr\u00e9dit\u00e9<\/strong> (via notre site et d&#8217;autres actions).<\/li><\/ul>\t\t\t\t\t\t\t\t<\/div>\n\t\t\t\t\t<\/div>\n\t\t<\/div>\n\t\t\t\t\t<\/div>\n\t\t<\/section>\n\t\t\t\t<section class=\"elementor-section elementor-top-section elementor-element elementor-element-d48b99e1 elementor-section-boxed elementor-section-height-default elementor-section-height-default\" data-id=\"d48b99e1\" data-element_type=\"section\" data-e-type=\"section\">\n\t\t\t\t\t\t<div class=\"elementor-container elementor-column-gap-default\">\n\t\t\t\t\t<div class=\"elementor-column elementor-col-100 elementor-top-column elementor-element elementor-element-92e90554\" data-id=\"92e90554\" data-element_type=\"column\" data-e-type=\"column\">\n\t\t\t<div class=\"elementor-widget-wrap elementor-element-populated\">\n\t\t\t\t\t\t<div class=\"elementor-element elementor-element-0929c869 elementor-widget elementor-widget-heading\" data-id=\"0929c869\" data-element_type=\"widget\" data-e-type=\"widget\" data-widget_type=\"heading.default\">\n\t\t\t\t\t<h2 class=\"elementor-heading-title elementor-size-default\">L'accr\u00e9ditation, une visibilit\u00e9 et un label de reconnaissance<\/h2>\t\t\t\t<\/div>\n\t\t\t\t<div class=\"elementor-element elementor-element-c1a9a518 elementor-widget elementor-widget-text-editor\" data-id=\"c1a9a518\" data-element_type=\"widget\" data-e-type=\"widget\" data-widget_type=\"text-editor.default\">\n\t\t\t\t\t\t\t\t\t<p>Si vous r\u00e9pondez aux crit\u00e8res n\u00e9cessaires, n\u2019h\u00e9sitez pas \u00e0 faire la d\u00e9marche d&#8217;accr\u00e9ditation pour devenir coach \u00ab accr\u00e9dit\u00e9 \u00bb EMCC Belgium et ainsi voir votre nom apparaitre dans la liste des coachs EMCC Belgium accessible en ligne.<\/p>\n<p><a class=\"btn btn-primary\" href=\"..\/..\/..\/images\/doc\/Application_Form_FR.pdf\" rel=\"noreferrer\" target=\"_blank\">Devenir membre<\/a><\/p>\t\t\t\t\t\t\t\t<\/div>\n\t\t\t\t\t<\/div>\n\t\t<\/div>\n\t\t\t\t\t<\/div>\n\t\t<\/section>\n\t\t\t\t<\/div>\n\t\t","protected":false},"excerpt":{"rendered":"","protected":false},"author":1,"featured_media":0,"parent":0,"menu_order":0,"comment_status":"closed","ping_status":"closed","template":"","meta":{"footnotes":""},"class_list":["post-5008","page","type-page","status-publish","hentry"],"_links":{"self":[{"href":"https:\/\/wp2026.emccbelgium.org\/index.php\/wp-json\/wp\/v2\/pages\/5008","targetHints":{"allow":["GET"]}}],"collection":[{"href":"https:\/\/wp2026.emccbelgium.org\/index.php\/wp-json\/wp\/v2\/pages"}],"about":[{"href":"https:\/\/wp2026.emccbelgium.org\/index.php\/wp-json\/wp\/v2\/types\/page"}],"author":[{"embeddable":true,"href":"https:\/\/wp2026.emccbelgium.org\/index.php\/wp-json\/wp\/v2\/users\/1"}],"replies":[{"embeddable":true,"href":"https:\/\/wp2026.emccbelgium.org\/index.php\/wp-json\/wp\/v2\/comments?post=5008"}],"version-history":[{"count":0,"href":"https:\/\/wp2026.emccbelgium.org\/index.php\/wp-json\/wp\/v2\/pages\/5008\/revisions"}],"wp:attachment":[{"href":"https:\/\/wp2026.emccbelgium.org\/index.php\/wp-json\/wp\/v2\/media?parent=5008"}],"curies":[{"name":"wp","href":"https:\/\/api.w.org\/{rel}","templated":true}]}}