{"id":5010,"date":"2026-04-25T08:32:12","date_gmt":"2026-04-25T08:32:12","guid":{"rendered":""},"modified":"2026-04-25T08:32:12","modified_gmt":"2026-04-25T08:32:12","slug":"rc-pro","status":"publish","type":"page","link":"https:\/\/wp2026.emccbelgium.org\/index.php\/rc-pro\/","title":{"rendered":"ASSURANCE RC COACH"},"content":{"rendered":"\t\t<div data-elementor-type=\"wp-page\" data-elementor-id=\"5010\" class=\"elementor elementor-5010\">\n\t\t\t\t\t\t<section class=\"elementor-section elementor-top-section elementor-element elementor-element-73c9155d elementor-section-boxed elementor-section-height-default elementor-section-height-default\" data-id=\"73c9155d\" data-element_type=\"section\" data-e-type=\"section\">\n\t\t\t\t\t\t<div class=\"elementor-container elementor-column-gap-default\">\n\t\t\t\t\t<div class=\"elementor-column elementor-col-100 elementor-top-column elementor-element elementor-element-032f1861\" data-id=\"032f1861\" data-element_type=\"column\" data-e-type=\"column\">\n\t\t\t<div class=\"elementor-widget-wrap elementor-element-populated\">\n\t\t\t\t\t\t<div class=\"elementor-element elementor-element-bf903830 elementor-widget elementor-widget-heading\" data-id=\"bf903830\" data-element_type=\"widget\" data-e-type=\"widget\" data-widget_type=\"heading.default\">\n\t\t\t\t\t<h1 class=\"elementor-heading-title elementor-size-default\">ASSURANCE RC COACH<\/h1>\t\t\t\t<\/div>\n\t\t\t\t\t<\/div>\n\t\t<\/div>\n\t\t\t\t\t<\/div>\n\t\t<\/section>\n\t\t\t\t<section class=\"elementor-section elementor-top-section elementor-element elementor-element-3e7bb9a6 elementor-section-boxed elementor-section-height-default elementor-section-height-default\" data-id=\"3e7bb9a6\" data-element_type=\"section\" data-e-type=\"section\">\n\t\t\t\t\t\t<div class=\"elementor-container elementor-column-gap-default\">\n\t\t\t\t\t<div class=\"elementor-column elementor-col-100 elementor-top-column elementor-element elementor-element-f4398055\" data-id=\"f4398055\" data-element_type=\"column\" data-e-type=\"column\">\n\t\t\t<div class=\"elementor-widget-wrap elementor-element-populated\">\n\t\t\t\t\t\t<div class=\"elementor-element elementor-element-765fba71 elementor-widget elementor-widget-text-editor\" data-id=\"765fba71\" data-element_type=\"widget\" data-e-type=\"widget\" data-widget_type=\"text-editor.default\">\n\t\t\t\t\t\t\t\t\t<p>Le m\u00e9tier de Coach professionnel n\u00e9cessite de se prot\u00e9ger contre les risques professionnels. Vous pouvez causer des dommages \u00e0 une personne morale (entreprise) ou physique (un particulier) lors de l\u2019exercice de votre m\u00e9tier.<\/p>\n<p>Ces dommages, m\u00eame si heureusement ils sont peu fr\u00e9quents, existent et peuvent \u00eatre tr\u00e8s importants. Il est donc primordial de vous couvrir par une <strong>assurance responsabilit\u00e9 civile<\/strong> telle que l&#8217;<strong>assurance RC COACH<\/strong>. Votre Coaching de qualit\u00e9 sera ainsi accompagn\u00e9 d\u2019une couverture appropri\u00e9e.<\/p>\n<p>Depuis 2009, EMCC a d\u00e9velopp\u00e9 une telle couverture aupr\u00e8s d\u2019une importante compagnie d\u2019assurances, Ethias, en collaboration avec le courtier DAP (Degauquier &amp; Partners). En 2021, nous avons d\u00e9cid\u00e9 de lui redonner un coup de projecteur en ren\u00e9gociant pour vous une couverture <strong>sans franchise<\/strong> \u00e0 un<strong> tarif pr\u00e9f\u00e9rentiel<\/strong>.<\/p>\t\t\t\t\t\t\t\t<\/div>\n\t\t\t\t\t<\/div>\n\t\t<\/div>\n\t\t\t\t\t<\/div>\n\t\t<\/section>\n\t\t\t\t<section class=\"elementor-section elementor-top-section elementor-element elementor-element-2e393c31 elementor-section-boxed elementor-section-height-default elementor-section-height-default\" data-id=\"2e393c31\" data-element_type=\"section\" data-e-type=\"section\">\n\t\t\t\t\t\t<div class=\"elementor-container elementor-column-gap-default\">\n\t\t\t\t\t<div class=\"elementor-column elementor-col-100 elementor-top-column elementor-element elementor-element-a431079d\" data-id=\"a431079d\" data-element_type=\"column\" data-e-type=\"column\">\n\t\t\t<div class=\"elementor-widget-wrap elementor-element-populated\">\n\t\t\t\t\t\t<div class=\"elementor-element elementor-element-46cce81a elementor-widget elementor-widget-heading\" data-id=\"46cce81a\" data-element_type=\"widget\" data-e-type=\"widget\" data-widget_type=\"heading.default\">\n\t\t\t\t\t<h2 class=\"elementor-heading-title elementor-size-default\">Qu'est ce qui est couvert par l'assurance RC COACH ?<\/h2>\t\t\t\t<\/div>\n\t\t\t\t<div class=\"elementor-element elementor-element-91c7bc1e elementor-widget elementor-widget-text-editor\" data-id=\"91c7bc1e\" data-element_type=\"widget\" data-e-type=\"widget\" data-widget_type=\"text-editor.default\">\n\t\t\t\t\t\t\t\t\t<p>Cette assurance couvre les dommages que vous pouvez occasionner \u00e0 vos clients, prestataires, salari\u00e9s, concurrents et m\u00eame \u00e0 des associations de consommateurs ou d&#8217;entreprises.<\/p>\t\t\t\t\t\t\t\t<\/div>\n\t\t\t\t\t<\/div>\n\t\t<\/div>\n\t\t\t\t\t<\/div>\n\t\t<\/section>\n\t\t\t\t<section class=\"elementor-section elementor-top-section elementor-element elementor-element-d73c4b58 elementor-section-boxed elementor-section-height-default elementor-section-height-default\" data-id=\"d73c4b58\" data-element_type=\"section\" data-e-type=\"section\">\n\t\t\t\t\t\t<div class=\"elementor-container elementor-column-gap-default\">\n\t\t\t\t\t<div class=\"elementor-column elementor-col-100 elementor-top-column elementor-element elementor-element-2ca20099\" data-id=\"2ca20099\" data-element_type=\"column\" data-e-type=\"column\">\n\t\t\t<div class=\"elementor-widget-wrap elementor-element-populated\">\n\t\t\t\t\t\t<div class=\"elementor-element elementor-element-2c969504 elementor-widget elementor-widget-heading\" data-id=\"2c969504\" data-element_type=\"widget\" data-e-type=\"widget\" data-widget_type=\"heading.default\">\n\t\t\t\t\t<h2 class=\"elementor-heading-title elementor-size-default\">Exemples de source de dommages avec le m\u00e9tier de Coaching professionnel<\/h2>\t\t\t\t<\/div>\n\t\t\t\t<div class=\"elementor-element elementor-element-f8bb20bf elementor-widget elementor-widget-text-editor\" data-id=\"f8bb20bf\" data-element_type=\"widget\" data-e-type=\"widget\" data-widget_type=\"text-editor.default\">\n\t\t\t\t\t\t\t\t\t<ul><li>Omission, oubli, inexactitude<\/li><li>Erreur de droit ou de fait ou d&#8217;appr\u00e9ciation<\/li><li>Manquements aux obligations de conseils, d&#8217;informations, de mise en garde ou de collaboration<\/li><\/ul>\t\t\t\t\t\t\t\t<\/div>\n\t\t\t\t\t<\/div>\n\t\t<\/div>\n\t\t\t\t\t<\/div>\n\t\t<\/section>\n\t\t\t\t<section class=\"elementor-section elementor-top-section elementor-element elementor-element-bce5657c elementor-section-boxed elementor-section-height-default elementor-section-height-default\" data-id=\"bce5657c\" data-element_type=\"section\" data-e-type=\"section\">\n\t\t\t\t\t\t<div class=\"elementor-container elementor-column-gap-default\">\n\t\t\t\t\t<div class=\"elementor-column elementor-col-100 elementor-top-column elementor-element elementor-element-b6d7a37a\" data-id=\"b6d7a37a\" data-element_type=\"column\" data-e-type=\"column\">\n\t\t\t<div class=\"elementor-widget-wrap elementor-element-populated\">\n\t\t\t\t\t\t<div class=\"elementor-element elementor-element-25b946f2 elementor-widget elementor-widget-heading\" data-id=\"25b946f2\" data-element_type=\"widget\" data-e-type=\"widget\" data-widget_type=\"heading.default\">\n\t\t\t\t\t<h2 class=\"elementor-heading-title elementor-size-default\">Exemples de cas dans lesquels vous pouvez faire appel \u00e0 cette assurance<\/h2>\t\t\t\t<\/div>\n\t\t\t\t<div class=\"elementor-element elementor-element-2b483612 elementor-widget elementor-widget-text-editor\" data-id=\"2b483612\" data-element_type=\"widget\" data-e-type=\"widget\" data-widget_type=\"text-editor.default\">\n\t\t\t\t\t\t\t\t\t<ul><li>Lors de votre prestation de Coach en d\u00e9veloppement personnel vous faites des erreurs d&#8217;appr\u00e9ciation et votre client porte plainte ou demande des d\u00e9dommagements =&gt; Cela rentre dans le cadre de votre assurance RC professionnelle<\/li><li>Lors de votre prestation de Coach en entreprise, vous manquez \u00e0 votre devoir de confidentialit\u00e9 ou bien en d\u00e9pit de vos conseils et de vos apports, un manager ne s&#8217;am\u00e9liore pas, puis d\u00e9missionne. Du coup l\u2019entreprise intente une action en justice contre vous pour le pr\u00e9judice subi.<\/li><\/ul>\n<p>La RC COACH (assurance responsabilit\u00e9 civile professionnelle pour coaching professionnel) permet de couvrir vos prestations.<\/p>\n<p>Pour les membres d&#8217;EMCC Belgium, c&#8217;est d&#8217;ailleurs une <strong>obligation<\/strong> sp\u00e9cifi\u00e9e dans le <strong>Code de d\u00e9ontologie<\/strong> que tout membre s&#8217;engage \u00e0 respecter. Il est mentionn\u00e9 dans l&#8217;article 3.12: &#8220;<em>Les membres doivent souscrire une assurance responsabilit\u00e9 civile professionnelle couvrant leurs activit\u00e9s de coaching, mentorat et supervision dans les diff\u00e9rents pays o\u00f9 ils exercent<\/em>.&#8221; (Global Code of Ethics, version 2.3)<\/p>\t\t\t\t\t\t\t\t<\/div>\n\t\t\t\t\t<\/div>\n\t\t<\/div>\n\t\t\t\t\t<\/div>\n\t\t<\/section>\n\t\t\t\t<section class=\"elementor-section elementor-top-section elementor-element elementor-element-5584d0a0 elementor-section-boxed elementor-section-height-default elementor-section-height-default\" data-id=\"5584d0a0\" data-element_type=\"section\" data-e-type=\"section\">\n\t\t\t\t\t\t<div class=\"elementor-container elementor-column-gap-default\">\n\t\t\t\t\t<div class=\"elementor-column elementor-col-100 elementor-top-column elementor-element elementor-element-60f3d7fa\" data-id=\"60f3d7fa\" data-element_type=\"column\" data-e-type=\"column\">\n\t\t\t<div class=\"elementor-widget-wrap elementor-element-populated\">\n\t\t\t\t\t\t<div class=\"elementor-element elementor-element-5537061b elementor-widget elementor-widget-heading\" data-id=\"5537061b\" data-element_type=\"widget\" data-e-type=\"widget\" data-widget_type=\"heading.default\">\n\t\t\t\t\t<h2 class=\"elementor-heading-title elementor-size-default\">Conditions n\u00e9goci\u00e9es pour vous<\/h2>\t\t\t\t<\/div>\n\t\t\t\t<div class=\"elementor-element elementor-element-b9bf1718 elementor-widget elementor-widget-text-editor\" data-id=\"b9bf1718\" data-element_type=\"widget\" data-e-type=\"widget\" data-widget_type=\"text-editor.default\">\n\t\t\t\t\t\t\t\t\t<ul><li>Tous dommages confondus (mat\u00e9riels, corporels et immat\u00e9riels) \u2013 <strong>1.250.000 EUR<\/strong><\/li><li><strong>Franchise &#8211; n\u00e9ant<\/strong><\/li><\/ul>\n<ul><li>Dommages corporels &#8211; <strong>1.250.000 EUR<\/strong><\/li><li>Dommages mat\u00e9riels &#8211; 125.000 EUR<\/li><li><strong>Franchise &#8211; n\u00e9ant<\/strong><\/li><\/ul>\n<ul><li>D\u00e9fense civile + recours civil : 12.500 EUR<\/li><\/ul>\n<ul><li>Pour les membres EMCC Belgium <strong>accr\u00e9dit\u00e9s EIA<\/strong> : <strong>100,00 EUR<\/strong> TTC<\/li><li>Pour les<strong> autres membres<\/strong> EMCC Belgium : <strong>130,00 EUR<\/strong> TTC<\/li><\/ul>\n<p><strong><a href=\"..\/..\/images\/doc\/Promoting_RC_Coach_FR.pdf\" target=\"_blank\">Cliquez ici pour unr version imprimable de ces quelques explications.<\/a><\/strong><\/p>\n<p><strong><a href=\"..\/..\/images\/doc\/Application_Form_RC_Coach_FR.pdf\">Cliquez ici pour obtenir le formulaire d&#8217;adh\u00e9sion \u00e0 l&#8217;assurance RC COACH<\/a><\/strong><\/p>\n<p>Le courtier Degauquier &amp; Partners vous contactera personnellement pour conclure cette assurance.<\/p>\n<p>Chaque Coach souscripteur recevra un contrat individuel de l&#8217;entreprise d&#8217;assurances Ethias, qui seul aura valeur contractuelle, les renseignements fournis sur le site le sont \u00e0 titre purement indicatif. La responsabilit\u00e9 d&#8217;EMCC Belgium et du courtier Degauquier &amp; Partners ne pourra en rien \u00eatre engag\u00e9e. :<\/p>\t\t\t\t\t\t\t\t<\/div>\n\t\t\t\t\t<\/div>\n\t\t<\/div>\n\t\t\t\t\t<\/div>\n\t\t<\/section>\n\t\t\t\t<section class=\"elementor-section elementor-top-section elementor-element elementor-element-8ff3f8f5 elementor-section-boxed elementor-section-height-default elementor-section-height-default\" data-id=\"8ff3f8f5\" data-element_type=\"section\" data-e-type=\"section\">\n\t\t\t\t\t\t<div class=\"elementor-container elementor-column-gap-default\">\n\t\t\t\t\t<div class=\"elementor-column elementor-col-100 elementor-top-column elementor-element elementor-element-76c8d7ee\" data-id=\"76c8d7ee\" data-element_type=\"column\" data-e-type=\"column\">\n\t\t\t<div class=\"elementor-widget-wrap elementor-element-populated\">\n\t\t\t\t\t\t<div class=\"elementor-element elementor-element-413b2d9a elementor-widget elementor-widget-heading\" data-id=\"413b2d9a\" data-element_type=\"widget\" data-e-type=\"widget\" data-widget_type=\"heading.default\">\n\t\t\t\t\t<h2 class=\"elementor-heading-title elementor-size-default\">Contact<\/h2>\t\t\t\t<\/div>\n\t\t\t\t<div class=\"elementor-element elementor-element-87f2eee6 elementor-widget elementor-widget-text-editor\" data-id=\"87f2eee6\" data-element_type=\"widget\" data-e-type=\"widget\" data-widget_type=\"text-editor.default\">\n\t\t\t\t\t\t\t\t\t<p>DEGAUQUIER &amp; PARTNERS <br\/>Rue du Bergeant, -10 <br\/>7900 LEUZE-EN-HAINAUT <br\/>Tel: 069 661 129<\/p>\n<p>Contact par mail : <!-- Cette adresse \u00e9lectronique est prot\u00e9g\u00e9e contre les robots spammeurs. --><a href=\"javascript:\/* Cette adresse \u00e9lectronique est prot\u00e9g\u00e9e contre les robots spammeurs.*\/\" target=\"_blank\"><\/a><\/p>\n<p><em>Mise \u00e0 jour: 16\/02\/2021<\/em><\/p>\t\t\t\t\t\t\t\t<\/div>\n\t\t\t\t\t<\/div>\n\t\t<\/div>\n\t\t\t\t\t<\/div>\n\t\t<\/section>\n\t\t\t\t<\/div>\n\t\t","protected":false},"excerpt":{"rendered":"","protected":false},"author":1,"featured_media":0,"parent":0,"menu_order":0,"comment_status":"closed","ping_status":"closed","template":"","meta":{"footnotes":""},"class_list":["post-5010","page","type-page","status-publish","hentry"],"_links":{"self":[{"href":"https:\/\/wp2026.emccbelgium.org\/index.php\/wp-json\/wp\/v2\/pages\/5010","targetHints":{"allow":["GET"]}}],"collection":[{"href":"https:\/\/wp2026.emccbelgium.org\/index.php\/wp-json\/wp\/v2\/pages"}],"about":[{"href":"https:\/\/wp2026.emccbelgium.org\/index.php\/wp-json\/wp\/v2\/types\/page"}],"author":[{"embeddable":true,"href":"https:\/\/wp2026.emccbelgium.org\/index.php\/wp-json\/wp\/v2\/users\/1"}],"replies":[{"embeddable":true,"href":"https:\/\/wp2026.emccbelgium.org\/index.php\/wp-json\/wp\/v2\/comments?post=5010"}],"version-history":[{"count":0,"href":"https:\/\/wp2026.emccbelgium.org\/index.php\/wp-json\/wp\/v2\/pages\/5010\/revisions"}],"wp:attachment":[{"href":"https:\/\/wp2026.emccbelgium.org\/index.php\/wp-json\/wp\/v2\/media?parent=5010"}],"curies":[{"name":"wp","href":"https:\/\/api.w.org\/{rel}","templated":true}]}}