{"id":5011,"date":"2026-04-25T08:32:12","date_gmt":"2026-04-25T08:32:12","guid":{"rendered":""},"modified":"2026-04-25T08:32:12","modified_gmt":"2026-04-25T08:32:12","slug":"sengager","status":"publish","type":"page","link":"https:\/\/wp2026.emccbelgium.org\/index.php\/sengager\/","title":{"rendered":"S&#8217;engager avec l&#8217;EMCC Belgium"},"content":{"rendered":"\t\t<div data-elementor-type=\"wp-page\" data-elementor-id=\"5011\" class=\"elementor elementor-5011\">\n\t\t\t\t\t\t<section class=\"elementor-section elementor-top-section elementor-element elementor-element-723e56f0 elementor-section-boxed elementor-section-height-default elementor-section-height-default\" data-id=\"723e56f0\" data-element_type=\"section\" data-e-type=\"section\">\n\t\t\t\t\t\t<div class=\"elementor-container elementor-column-gap-default\">\n\t\t\t\t\t<div class=\"elementor-column elementor-col-100 elementor-top-column elementor-element elementor-element-5730535d\" data-id=\"5730535d\" data-element_type=\"column\" data-e-type=\"column\">\n\t\t\t<div class=\"elementor-widget-wrap elementor-element-populated\">\n\t\t\t\t\t\t<div class=\"elementor-element elementor-element-b4523263 elementor-widget elementor-widget-heading\" data-id=\"b4523263\" data-element_type=\"widget\" data-e-type=\"widget\" data-widget_type=\"heading.default\">\n\t\t\t\t\t<h1 class=\"elementor-heading-title elementor-size-default\">S'engager avec l'EMCC Belgium<\/h1>\t\t\t\t<\/div>\n\t\t\t\t\t<\/div>\n\t\t<\/div>\n\t\t\t\t\t<\/div>\n\t\t<\/section>\n\t\t\t\t<section class=\"elementor-section elementor-top-section elementor-element elementor-element-9239ded5 elementor-section-boxed elementor-section-height-default elementor-section-height-default\" data-id=\"9239ded5\" data-element_type=\"section\" data-e-type=\"section\">\n\t\t\t\t\t\t<div class=\"elementor-container elementor-column-gap-default\">\n\t\t\t\t\t<div class=\"elementor-column elementor-col-100 elementor-top-column elementor-element elementor-element-615c3be4\" data-id=\"615c3be4\" data-element_type=\"column\" data-e-type=\"column\">\n\t\t\t<div class=\"elementor-widget-wrap elementor-element-populated\">\n\t\t\t\t\t\t<div class=\"elementor-element elementor-element-ab864827 elementor-widget elementor-widget-heading\" data-id=\"ab864827\" data-element_type=\"widget\" data-e-type=\"widget\" data-widget_type=\"heading.default\">\n\t\t\t\t\t<h2 class=\"elementor-heading-title elementor-size-default\">Rejoignez une \u00e9quipe dynamique et participez au d\u00e9veloppement du coaching en Europe !<\/h2>\t\t\t\t<\/div>\n\t\t\t\t<div class=\"elementor-element elementor-element-60d021b8 elementor-widget elementor-widget-text-editor\" data-id=\"60d021b8\" data-element_type=\"widget\" data-e-type=\"widget\" data-widget_type=\"text-editor.default\">\n\t\t\t\t\t\t\t\t\t<p>L\u2019EMCC, c\u2019est aussi une association qui vit gr\u00e2ce \u00e0 ses membres. Nous avons r\u00e9guli\u00e8rement besoin de votre soutien. Si vous avez envie de vous investir \u2026 un peu \u2026 beaucoup \u2026 passionn\u00e9ment, faites nous signe !<\/p>\n<p>Au niveau local, notre association fonctionne <strong>sur un mode participatif<\/strong>, chaque membre s&#8217;engage \u00e0 donner <strong>minimum<\/strong> 15 heures de son temps par an.<\/p>\n<p>Ce temps est \u00e0 consacrer au fonctionnement de la structure sur diff\u00e9rents plans. Que vous vouliez \u00eatre un acteur dans l&#8217;\u00e9volution du m\u00e9tier de coach, un moteur par rapport \u00e0 certains dossiers qui vous parlent particuli\u00e8rement ou simplement apporter ponctuellement votre aide, nous serons ravis de vous accueillir.<\/p>\n<p>Autant de possibilit\u00e9s vous sont ouvertes en fonction de votre disponibilit\u00e9 et de l\u2019investissement que vous souhaitez consacrer \u00e0 l\u2019EMCC Belgium:<\/p>\t\t\t\t\t\t\t\t<\/div>\n\t\t\t\t\t<\/div>\n\t\t<\/div>\n\t\t\t\t\t<\/div>\n\t\t<\/section>\n\t\t\t\t<section class=\"elementor-section elementor-top-section elementor-element elementor-element-4d6cceed elementor-section-boxed elementor-section-height-default elementor-section-height-default\" data-id=\"4d6cceed\" data-element_type=\"section\" data-e-type=\"section\">\n\t\t\t\t\t\t<div class=\"elementor-container elementor-column-gap-default\">\n\t\t\t\t\t<div class=\"elementor-column elementor-col-100 elementor-top-column elementor-element elementor-element-324c5a82\" data-id=\"324c5a82\" data-element_type=\"column\" data-e-type=\"column\">\n\t\t\t<div class=\"elementor-widget-wrap elementor-element-populated\">\n\t\t\t\t\t\t<div class=\"elementor-element elementor-element-e950778a elementor-widget elementor-widget-heading\" data-id=\"e950778a\" data-element_type=\"widget\" data-e-type=\"widget\" data-widget_type=\"heading.default\">\n\t\t\t\t\t<h3 class=\"elementor-heading-title elementor-size-default\">Contribution au p\u00f4le Membership:<\/h3>\t\t\t\t<\/div>\n\t\t\t\t<div class=\"elementor-element elementor-element-2bc81043 elementor-widget elementor-widget-text-editor\" data-id=\"2bc81043\" data-element_type=\"widget\" data-e-type=\"widget\" data-widget_type=\"text-editor.default\">\n\t\t\t\t\t\t\t\t\t<ul><li>Contribuer \u00e0 faire de EMCC un inconturnable pour ses membres\n<ul>\n<li>individuels<\/li>\n<li>corporates<\/li>\n<li>\u00e9coles<\/li>\n<\/ul><\/li><li>Faire connaitre EMCC des donners d&#8217;ordre<br\/>\n<ul>\n<li>responsables RH<\/li>\n<li>chefs d&#8217;entreprises<\/li>\n<li>pilotes de coaching interne<\/li>\n<\/ul><\/li><\/ul>\t\t\t\t\t\t\t\t<\/div>\n\t\t\t\t\t<\/div>\n\t\t<\/div>\n\t\t\t\t\t<\/div>\n\t\t<\/section>\n\t\t\t\t<section class=\"elementor-section elementor-top-section elementor-element elementor-element-5007ffdc elementor-section-boxed elementor-section-height-default elementor-section-height-default\" data-id=\"5007ffdc\" data-element_type=\"section\" data-e-type=\"section\">\n\t\t\t\t\t\t<div class=\"elementor-container elementor-column-gap-default\">\n\t\t\t\t\t<div class=\"elementor-column elementor-col-100 elementor-top-column elementor-element elementor-element-ed2e0eea\" data-id=\"ed2e0eea\" data-element_type=\"column\" data-e-type=\"column\">\n\t\t\t<div class=\"elementor-widget-wrap elementor-element-populated\">\n\t\t\t\t\t\t<div class=\"elementor-element elementor-element-442b435f elementor-widget elementor-widget-heading\" data-id=\"442b435f\" data-element_type=\"widget\" data-e-type=\"widget\" data-widget_type=\"heading.default\">\n\t\t\t\t\t<h3 class=\"elementor-heading-title elementor-size-default\">Contribution au p\u00f4le Solidarity:<\/h3>\t\t\t\t<\/div>\n\t\t\t\t<div class=\"elementor-element elementor-element-b8611293 elementor-widget elementor-widget-text-editor\" data-id=\"b8611293\" data-element_type=\"widget\" data-e-type=\"widget\" data-widget_type=\"text-editor.default\">\n\t\t\t\t\t\t\t\t\t<ul><li>\u00catre coach solidaire<\/li><li>\u00catre superviseur solidaire de coachs solidaires<\/li><li>Faire partie de l&#8217;\u00e9quipe organisatrice du coaching solidaire<\/li><\/ul>\t\t\t\t\t\t\t\t<\/div>\n\t\t\t\t\t<\/div>\n\t\t<\/div>\n\t\t\t\t\t<\/div>\n\t\t<\/section>\n\t\t\t\t<section class=\"elementor-section elementor-top-section elementor-element elementor-element-c24455e3 elementor-section-boxed elementor-section-height-default elementor-section-height-default\" data-id=\"c24455e3\" data-element_type=\"section\" data-e-type=\"section\">\n\t\t\t\t\t\t<div class=\"elementor-container elementor-column-gap-default\">\n\t\t\t\t\t<div class=\"elementor-column elementor-col-100 elementor-top-column elementor-element elementor-element-6bd57c56\" data-id=\"6bd57c56\" data-element_type=\"column\" data-e-type=\"column\">\n\t\t\t<div class=\"elementor-widget-wrap elementor-element-populated\">\n\t\t\t\t\t\t<div class=\"elementor-element elementor-element-d40265d6 elementor-widget elementor-widget-heading\" data-id=\"d40265d6\" data-element_type=\"widget\" data-e-type=\"widget\" data-widget_type=\"heading.default\">\n\t\t\t\t\t<h3 class=\"elementor-heading-title elementor-size-default\">Contribution au p\u00f4le Activity:<\/h3>\t\t\t\t<\/div>\n\t\t\t\t<div class=\"elementor-element elementor-element-6bf653c7 elementor-widget elementor-widget-text-editor\" data-id=\"6bf653c7\" data-element_type=\"widget\" data-e-type=\"widget\" data-widget_type=\"text-editor.default\">\n\t\t\t\t\t\t\t\t\t<ul><li>Organisation et planification des activit\u00e9s et des \u00e9v\u00e8nements<\/li><li>Conf\u00e9rencier<\/li><li>Animation d&#8217;ateliers<\/li><li>Ecrire des compte-rendus<\/li><\/ul>\t\t\t\t\t\t\t\t<\/div>\n\t\t\t\t\t<\/div>\n\t\t<\/div>\n\t\t\t\t\t<\/div>\n\t\t<\/section>\n\t\t\t\t<section class=\"elementor-section elementor-top-section elementor-element elementor-element-b83e1b15 elementor-section-boxed elementor-section-height-default elementor-section-height-default\" data-id=\"b83e1b15\" data-element_type=\"section\" data-e-type=\"section\">\n\t\t\t\t\t\t<div class=\"elementor-container elementor-column-gap-default\">\n\t\t\t\t\t<div class=\"elementor-column elementor-col-100 elementor-top-column elementor-element elementor-element-28ac8786\" data-id=\"28ac8786\" data-element_type=\"column\" data-e-type=\"column\">\n\t\t\t<div class=\"elementor-widget-wrap elementor-element-populated\">\n\t\t\t\t\t\t<div class=\"elementor-element elementor-element-1d544038 elementor-widget elementor-widget-heading\" data-id=\"1d544038\" data-element_type=\"widget\" data-e-type=\"widget\" data-widget_type=\"heading.default\">\n\t\t\t\t\t<h3 class=\"elementor-heading-title elementor-size-default\">Contribution au p\u00f4le Accreditation:<\/h3>\t\t\t\t<\/div>\n\t\t\t\t<div class=\"elementor-element elementor-element-e8dbe306 elementor-widget elementor-widget-text-editor\" data-id=\"e8dbe306\" data-element_type=\"widget\" data-e-type=\"widget\" data-widget_type=\"text-editor.default\">\n\t\t\t\t\t\t\t\t\t<ul><li>Farie partie de l&#8217;\u00e9quipe qui accompagne les candidats \u00e0 l&#8217;accr\u00e9ditation<\/li><\/ul>\t\t\t\t\t\t\t\t<\/div>\n\t\t\t\t\t<\/div>\n\t\t<\/div>\n\t\t\t\t\t<\/div>\n\t\t<\/section>\n\t\t\t\t<section class=\"elementor-section elementor-top-section elementor-element elementor-element-b869cfb1 elementor-section-boxed elementor-section-height-default elementor-section-height-default\" data-id=\"b869cfb1\" data-element_type=\"section\" data-e-type=\"section\">\n\t\t\t\t\t\t<div class=\"elementor-container elementor-column-gap-default\">\n\t\t\t\t\t<div class=\"elementor-column elementor-col-100 elementor-top-column elementor-element elementor-element-9b5c51b1\" data-id=\"9b5c51b1\" data-element_type=\"column\" data-e-type=\"column\">\n\t\t\t<div class=\"elementor-widget-wrap elementor-element-populated\">\n\t\t\t\t\t\t<div class=\"elementor-element elementor-element-c47981c4 elementor-widget elementor-widget-heading\" data-id=\"c47981c4\" data-element_type=\"widget\" data-e-type=\"widget\" data-widget_type=\"heading.default\">\n\t\t\t\t\t<h3 class=\"elementor-heading-title elementor-size-default\">Contribution au p\u00f4le Communication:<\/h3>\t\t\t\t<\/div>\n\t\t\t\t<div class=\"elementor-element elementor-element-9ad2d887 elementor-widget elementor-widget-text-editor\" data-id=\"9ad2d887\" data-element_type=\"widget\" data-e-type=\"widget\" data-widget_type=\"text-editor.default\">\n\t\t\t\t\t\t\t\t\t<ul><li>Relations presse<\/li><li>Relations publiques<\/li><li>Mise \u00e0 jour du site internet<\/li><li>Cr\u00e9ation des newsletters<\/li><li>Gestion de la newsletter<\/li><li>Traductions EN<\/li><li>Traductions NL<\/li><\/ul>\n<p><a class=\"btn btn-primary\" href=\"..\/..\/images\/doc\/Application_Form_FR.pdf\" target=\"_blank\">Devenez membre<\/a><\/p>\t\t\t\t\t\t\t\t<\/div>\n\t\t\t\t\t<\/div>\n\t\t<\/div>\n\t\t\t\t\t<\/div>\n\t\t<\/section>\n\t\t\t\t<\/div>\n\t\t","protected":false},"excerpt":{"rendered":"","protected":false},"author":1,"featured_media":0,"parent":0,"menu_order":0,"comment_status":"closed","ping_status":"closed","template":"","meta":{"footnotes":""},"class_list":["post-5011","page","type-page","status-publish","hentry"],"_links":{"self":[{"href":"https:\/\/wp2026.emccbelgium.org\/index.php\/wp-json\/wp\/v2\/pages\/5011","targetHints":{"allow":["GET"]}}],"collection":[{"href":"https:\/\/wp2026.emccbelgium.org\/index.php\/wp-json\/wp\/v2\/pages"}],"about":[{"href":"https:\/\/wp2026.emccbelgium.org\/index.php\/wp-json\/wp\/v2\/types\/page"}],"author":[{"embeddable":true,"href":"https:\/\/wp2026.emccbelgium.org\/index.php\/wp-json\/wp\/v2\/users\/1"}],"replies":[{"embeddable":true,"href":"https:\/\/wp2026.emccbelgium.org\/index.php\/wp-json\/wp\/v2\/comments?post=5011"}],"version-history":[{"count":0,"href":"https:\/\/wp2026.emccbelgium.org\/index.php\/wp-json\/wp\/v2\/pages\/5011\/revisions"}],"wp:attachment":[{"href":"https:\/\/wp2026.emccbelgium.org\/index.php\/wp-json\/wp\/v2\/media?parent=5011"}],"curies":[{"name":"wp","href":"https:\/\/api.w.org\/{rel}","templated":true}]}}