{"id":5012,"date":"2026-04-25T08:32:12","date_gmt":"2026-04-25T08:32:12","guid":{"rendered":""},"modified":"2026-04-25T08:32:12","modified_gmt":"2026-04-25T08:32:12","slug":"supervisions","status":"publish","type":"page","link":"https:\/\/wp2026.emccbelgium.org\/index.php\/supervisions\/","title":{"rendered":"La supervision du coach"},"content":{"rendered":"\t\t<div data-elementor-type=\"wp-page\" data-elementor-id=\"5012\" class=\"elementor elementor-5012\">\n\t\t\t\t\t\t<section class=\"elementor-section elementor-top-section elementor-element elementor-element-2bbbcb8d elementor-section-boxed elementor-section-height-default elementor-section-height-default\" data-id=\"2bbbcb8d\" data-element_type=\"section\" data-e-type=\"section\">\n\t\t\t\t\t\t<div class=\"elementor-container elementor-column-gap-default\">\n\t\t\t\t\t<div class=\"elementor-column elementor-col-100 elementor-top-column elementor-element elementor-element-8430bd92\" data-id=\"8430bd92\" data-element_type=\"column\" data-e-type=\"column\">\n\t\t\t<div class=\"elementor-widget-wrap elementor-element-populated\">\n\t\t\t\t\t\t<div class=\"elementor-element elementor-element-1ca330dc elementor-widget elementor-widget-heading\" data-id=\"1ca330dc\" data-element_type=\"widget\" data-e-type=\"widget\" data-widget_type=\"heading.default\">\n\t\t\t\t\t<h1 class=\"elementor-heading-title elementor-size-default\">La supervision du coach<\/h1>\t\t\t\t<\/div>\n\t\t\t\t\t<\/div>\n\t\t<\/div>\n\t\t\t\t\t<\/div>\n\t\t<\/section>\n\t\t\t\t<section class=\"elementor-section elementor-top-section elementor-element elementor-element-8386042a elementor-section-boxed elementor-section-height-default elementor-section-height-default\" data-id=\"8386042a\" data-element_type=\"section\" data-e-type=\"section\">\n\t\t\t\t\t\t<div class=\"elementor-container elementor-column-gap-default\">\n\t\t\t\t\t<div class=\"elementor-column elementor-col-100 elementor-top-column elementor-element elementor-element-3f235fc2\" data-id=\"3f235fc2\" data-element_type=\"column\" data-e-type=\"column\">\n\t\t\t<div class=\"elementor-widget-wrap elementor-element-populated\">\n\t\t\t\t\t\t<div class=\"elementor-element elementor-element-52c8050b elementor-widget elementor-widget-text-editor\" data-id=\"52c8050b\" data-element_type=\"widget\" data-e-type=\"widget\" data-widget_type=\"text-editor.default\">\n\t\t\t\t\t\t\t\t\t<p>Les superviseurs, ou coachs de coach, permettent aux coachs de b\u00e9n\u00e9ficier d\u2019un espace d\u2019\u00e9change et de prise de recul, n\u00e9cessaire pour progresser avec les personnes qu\u2019ils\/elles accompagnent et garantir des interventions de qualit\u00e9.<\/p>\n<p>D\u00e8s les premiers pas en tant que coach, il est (surtout) n\u00e9cessaire d&#8217;\u00eatre accompagn\u00e9 dans cette d\u00e9marche de supervision.<\/p>\n<p>Pour un coach accr\u00e9dit\u00e9 EMCC Belgium, une supervision r\u00e9guli\u00e8re fait partie int\u00e9grante du processus d&#8217;accr\u00e9ditation.<\/p>\n<p>La dur\u00e9e, la fr\u00e9quence, le lieu, le contrat et le cadre peuvent varier selon le type de coaching.<\/p>\n<p>L&#8217;EMCC Belgium offre des sessions de supervision, elles sont exclusivement r\u00e9serv\u00e9s \u00e0 nos membres adh\u00e9rents et prioritairement aux membres assurant un coaching solidaire. Ces supervisions ont lieu une fois par mois \u00e0 Bruxelles, sont gratuites et limit\u00e9es \u00e0 10 personnes.<\/p>\t\t\t\t\t\t\t\t<\/div>\n\t\t\t\t\t<\/div>\n\t\t<\/div>\n\t\t\t\t\t<\/div>\n\t\t<\/section>\n\t\t\t\t<section class=\"elementor-section elementor-top-section elementor-element elementor-element-9092d52b elementor-section-boxed elementor-section-height-default elementor-section-height-default\" data-id=\"9092d52b\" data-element_type=\"section\" data-e-type=\"section\">\n\t\t\t\t\t\t<div class=\"elementor-container elementor-column-gap-default\">\n\t\t\t\t\t<div class=\"elementor-column elementor-col-100 elementor-top-column elementor-element elementor-element-493c1b89\" data-id=\"493c1b89\" data-element_type=\"column\" data-e-type=\"column\">\n\t\t\t<div class=\"elementor-widget-wrap elementor-element-populated\">\n\t\t\t\t\t\t<div class=\"elementor-element elementor-element-30cfbea0 elementor-widget elementor-widget-heading\" data-id=\"30cfbea0\" data-element_type=\"widget\" data-e-type=\"widget\" data-widget_type=\"heading.default\">\n\t\t\t\t\t<h2 class=\"elementor-heading-title elementor-size-default\">Qu'est-ce qu'un superviseur ?<\/h2>\t\t\t\t<\/div>\n\t\t\t\t<div class=\"elementor-element elementor-element-3d878e77 elementor-widget elementor-widget-text-editor\" data-id=\"3d878e77\" data-element_type=\"widget\" data-e-type=\"widget\" data-widget_type=\"text-editor.default\">\n\t\t\t\t\t\t\t\t\t<p>Qui peut pr\u00e9tendre avoir la qualification pour \u00eatre <strong>superviseur<\/strong> ? Le coaching est un champ d\u2019activit\u00e9 assez r\u00e9cent et le champ de la supervision des coachs est encore peu explor\u00e9. Un superviseur selon les normes EMCC Belgium :<\/p>\n<ul><li>Est form\u00e9 sp\u00e9cifiquement au coaching<\/li><li>Dispose d&#8217;une exp\u00e9rience de 5 ans minimum en tant que coach et de 750h prest\u00e9es en coaching minimum<\/li><li>Fait la distinction en la supervision de coachs et de th\u00e9rapeutes<\/li><li>Respecte le code de d\u00e9ontologie de l\u2019EMCC<\/li><\/ul>\n<p>L\u2019EMCC travaille actuellement \u00e0 une accr\u00e9ditation des superviseurs.<\/p>\n<p><em>Il existe par ailleurs des ouvrages ou des r\u00e9flexions sur la supervision : de Brigid Proctor : \u00ab Fundamental Themes in Clinical Supervision \u00bb de John R. Cutcliffe, Tony Butterworth, Brigid Proctor chez Routledge et Group Supervision : \u00ab A Guide to Creative Practice \u00bb de Brigid Proctor chez SAGE.<\/em><\/p>\n<p><a class=\"btn btn-primary\" href=\"..\/..\/images\/doc\/Application_Form_FR.pdf\" target=\"_blank\">Devenez membre<\/a><\/p>\t\t\t\t\t\t\t\t<\/div>\n\t\t\t\t\t<\/div>\n\t\t<\/div>\n\t\t\t\t\t<\/div>\n\t\t<\/section>\n\t\t\t\t<\/div>\n\t\t","protected":false},"excerpt":{"rendered":"","protected":false},"author":1,"featured_media":0,"parent":0,"menu_order":0,"comment_status":"closed","ping_status":"closed","template":"","meta":{"footnotes":""},"class_list":["post-5012","page","type-page","status-publish","hentry"],"_links":{"self":[{"href":"https:\/\/wp2026.emccbelgium.org\/index.php\/wp-json\/wp\/v2\/pages\/5012","targetHints":{"allow":["GET"]}}],"collection":[{"href":"https:\/\/wp2026.emccbelgium.org\/index.php\/wp-json\/wp\/v2\/pages"}],"about":[{"href":"https:\/\/wp2026.emccbelgium.org\/index.php\/wp-json\/wp\/v2\/types\/page"}],"author":[{"embeddable":true,"href":"https:\/\/wp2026.emccbelgium.org\/index.php\/wp-json\/wp\/v2\/users\/1"}],"replies":[{"embeddable":true,"href":"https:\/\/wp2026.emccbelgium.org\/index.php\/wp-json\/wp\/v2\/comments?post=5012"}],"version-history":[{"count":0,"href":"https:\/\/wp2026.emccbelgium.org\/index.php\/wp-json\/wp\/v2\/pages\/5012\/revisions"}],"wp:attachment":[{"href":"https:\/\/wp2026.emccbelgium.org\/index.php\/wp-json\/wp\/v2\/media?parent=5012"}],"curies":[{"name":"wp","href":"https:\/\/api.w.org\/{rel}","templated":true}]}}