{"id":5014,"date":"2026-04-25T08:32:12","date_gmt":"2026-04-25T08:32:12","guid":{"rendered":""},"modified":"2026-04-25T08:32:12","modified_gmt":"2026-04-25T08:32:12","slug":"deontologie","status":"publish","type":"page","link":"https:\/\/wp2026.emccbelgium.org\/index.php\/deontologie\/","title":{"rendered":"D\u00e9ontologie"},"content":{"rendered":"\t\t<div data-elementor-type=\"wp-page\" data-elementor-id=\"5014\" class=\"elementor elementor-5014\">\n\t\t\t\t\t\t<section class=\"elementor-section elementor-top-section elementor-element elementor-element-acb4856b elementor-section-boxed elementor-section-height-default elementor-section-height-default\" data-id=\"acb4856b\" data-element_type=\"section\" data-e-type=\"section\">\n\t\t\t\t\t\t<div class=\"elementor-container elementor-column-gap-default\">\n\t\t\t\t\t<div class=\"elementor-column elementor-col-100 elementor-top-column elementor-element elementor-element-62372044\" data-id=\"62372044\" data-element_type=\"column\" data-e-type=\"column\">\n\t\t\t<div class=\"elementor-widget-wrap elementor-element-populated\">\n\t\t\t\t\t\t<div class=\"elementor-element elementor-element-c55cdf74 elementor-widget elementor-widget-heading\" data-id=\"c55cdf74\" data-element_type=\"widget\" data-e-type=\"widget\" data-widget_type=\"heading.default\">\n\t\t\t\t\t<h1 class=\"elementor-heading-title elementor-size-default\">D\u00e9ontologie<\/h1>\t\t\t\t<\/div>\n\t\t\t\t\t<\/div>\n\t\t<\/div>\n\t\t\t\t\t<\/div>\n\t\t<\/section>\n\t\t\t\t<section class=\"elementor-section elementor-top-section elementor-element elementor-element-929e6fe9 elementor-section-boxed elementor-section-height-default elementor-section-height-default\" data-id=\"929e6fe9\" data-element_type=\"section\" data-e-type=\"section\">\n\t\t\t\t\t\t<div class=\"elementor-container elementor-column-gap-default\">\n\t\t\t\t\t<div class=\"elementor-column elementor-col-100 elementor-top-column elementor-element elementor-element-8d1d2568\" data-id=\"8d1d2568\" data-element_type=\"column\" data-e-type=\"column\">\n\t\t\t<div class=\"elementor-widget-wrap elementor-element-populated\">\n\t\t\t\t\t\t<div class=\"elementor-element elementor-element-29f5c4e4 elementor-widget elementor-widget-heading\" data-id=\"29f5c4e4\" data-element_type=\"widget\" data-e-type=\"widget\" data-widget_type=\"heading.default\">\n\t\t\t\t\t<h2 class=\"elementor-heading-title elementor-size-default\">Quelle est la d\u00e9ontologie du coach ?<\/h2>\t\t\t\t<\/div>\n\t\t\t\t<div class=\"elementor-element elementor-element-99ad111f elementor-widget elementor-widget-text-editor\" data-id=\"99ad111f\" data-element_type=\"widget\" data-e-type=\"widget\" data-widget_type=\"text-editor.default\">\n\t\t\t\t\t\t\t\t\t<p>Le coach doit pouvoir suivre un guide de conduite professionnel pour trancher dans les cas douteux. Il s\u2019agit d\u2019un cadre s\u00e9curisant, \u00e0 la fois pour le coach et pour le client.<\/p>\n<p><strong>Nouveau<\/strong>: voyez, t\u00e9l\u00e9chargez et utilisez le &#8220;Global Code of Ethics&#8221; ainsi que la d\u00e9claration &#8220;Diversit\u00e9 &amp; Inclusion&#8221;<br\/><\/p>\n<p><a class=\"btn btn-primary\" href=\"..\/..\/images\/doc\/GLOBAL%20CODE%20OF%20ETHICS%20%20Decembre%202025%20FR.pdf\" target=\"_blank\">Global Code of Ethics (version fran\u00e7aise)<\/a><\/p>\n<p><a class=\"btn btn-primary\" href=\"..\/..\/images\/doc\/Diversity_and_Inclusion_Declaration_201805_FR.pdf\" target=\"_blank\">D\u00e9claration &#8220;Diversit\u00e9 &amp; Inclusion&#8221;<\/a><\/p>\n<p>L\u2019EMCC Belgium propose un code de d\u00e9ontologie dont les r\u00e8gles de base sont :<\/p>\t\t\t\t\t\t\t\t<\/div>\n\t\t\t\t\t<\/div>\n\t\t<\/div>\n\t\t\t\t\t<\/div>\n\t\t<\/section>\n\t\t\t\t<section class=\"elementor-section elementor-top-section elementor-element elementor-element-4c59006f elementor-section-boxed elementor-section-height-default elementor-section-height-default\" data-id=\"4c59006f\" data-element_type=\"section\" data-e-type=\"section\">\n\t\t\t\t\t\t<div class=\"elementor-container elementor-column-gap-default\">\n\t\t\t\t\t<div class=\"elementor-column elementor-col-100 elementor-top-column elementor-element elementor-element-bab2189d\" data-id=\"bab2189d\" data-element_type=\"column\" data-e-type=\"column\">\n\t\t\t<div class=\"elementor-widget-wrap elementor-element-populated\">\n\t\t\t\t\t\t<div class=\"elementor-element elementor-element-576f49e6 elementor-widget elementor-widget-heading\" data-id=\"576f49e6\" data-element_type=\"widget\" data-e-type=\"widget\" data-widget_type=\"heading.default\">\n\t\t\t\t\t<h3 class=\"elementor-heading-title elementor-size-default\">1 - Formation professionnelle initiale et permanente :<\/h3>\t\t\t\t<\/div>\n\t\t\t\t<div class=\"elementor-element elementor-element-163d909e elementor-widget elementor-widget-text-editor\" data-id=\"163d909e\" data-element_type=\"widget\" data-e-type=\"widget\" data-widget_type=\"text-editor.default\">\n\t\t\t\t\t\t\t\t\t<p>Le coach a re\u00e7u une formation professionnelle initiale th\u00e9orique et pratique de haut niveau, apte \u00e0 cr\u00e9er une comp\u00e9tence d&#8217;exercice du m\u00e9tier de coach.<\/p>\n<p>Il s&#8217;engage \u00e0 r\u00e9g\u00e9n\u00e9rer sa formation et son d\u00e9veloppement personnel tout au long de l&#8217;exercice de sa profession, via des participations \u00e0 des sessions de formation compl\u00e9mentaire, \u00e0 des conf\u00e9rences ou \u00e0 des colloques organis\u00e9s par la profession.<\/p>\t\t\t\t\t\t\t\t<\/div>\n\t\t\t\t\t<\/div>\n\t\t<\/div>\n\t\t\t\t\t<\/div>\n\t\t<\/section>\n\t\t\t\t<section class=\"elementor-section elementor-top-section elementor-element elementor-element-004f9bb0 elementor-section-boxed elementor-section-height-default elementor-section-height-default\" data-id=\"004f9bb0\" data-element_type=\"section\" data-e-type=\"section\">\n\t\t\t\t\t\t<div class=\"elementor-container elementor-column-gap-default\">\n\t\t\t\t\t<div class=\"elementor-column elementor-col-100 elementor-top-column elementor-element elementor-element-9cdf3278\" data-id=\"9cdf3278\" data-element_type=\"column\" data-e-type=\"column\">\n\t\t\t<div class=\"elementor-widget-wrap elementor-element-populated\">\n\t\t\t\t\t\t<div class=\"elementor-element elementor-element-6d0b5491 elementor-widget elementor-widget-heading\" data-id=\"6d0b5491\" data-element_type=\"widget\" data-e-type=\"widget\" data-widget_type=\"heading.default\">\n\t\t\t\t\t<h3 class=\"elementor-heading-title elementor-size-default\">2 - Processus de travail sur soi :<\/h3>\t\t\t\t<\/div>\n\t\t\t\t<div class=\"elementor-element elementor-element-df2b9db1 elementor-widget elementor-widget-text-editor\" data-id=\"df2b9db1\" data-element_type=\"widget\" data-e-type=\"widget\" data-widget_type=\"text-editor.default\">\n\t\t\t\t\t\t\t\t\t<p>Le coach atteste d&#8217;une d\u00e9marche de travail sur lui-m\u00eame approfondie, achev\u00e9e ou en cours, ce travail \u00e9tant bien distinct de sa formation.<\/p>\t\t\t\t\t\t\t\t<\/div>\n\t\t\t\t\t<\/div>\n\t\t<\/div>\n\t\t\t\t\t<\/div>\n\t\t<\/section>\n\t\t\t\t<section class=\"elementor-section elementor-top-section elementor-element elementor-element-898ba13e elementor-section-boxed elementor-section-height-default elementor-section-height-default\" data-id=\"898ba13e\" data-element_type=\"section\" data-e-type=\"section\">\n\t\t\t\t\t\t<div class=\"elementor-container elementor-column-gap-default\">\n\t\t\t\t\t<div class=\"elementor-column elementor-col-100 elementor-top-column elementor-element elementor-element-35513b30\" data-id=\"35513b30\" data-element_type=\"column\" data-e-type=\"column\">\n\t\t\t<div class=\"elementor-widget-wrap elementor-element-populated\">\n\t\t\t\t\t\t<div class=\"elementor-element elementor-element-1822a6e4 elementor-widget elementor-widget-heading\" data-id=\"1822a6e4\" data-element_type=\"widget\" data-e-type=\"widget\" data-widget_type=\"heading.default\">\n\t\t\t\t\t<h3 class=\"elementor-heading-title elementor-size-default\">3 - Supervision :<\/h3>\t\t\t\t<\/div>\n\t\t\t\t<div class=\"elementor-element elementor-element-9591d9f3 elementor-widget elementor-widget-text-editor\" data-id=\"9591d9f3\" data-element_type=\"widget\" data-e-type=\"widget\" data-widget_type=\"text-editor.default\">\n\t\t\t\t\t\t\t\t\t<p>Le coach a un lieu de supervision de sa pratique. Cette supervision est assur\u00e9e en individuel ou en groupe par un ou des pairs qualifi\u00e9s.<\/p>\t\t\t\t\t\t\t\t<\/div>\n\t\t\t\t\t<\/div>\n\t\t<\/div>\n\t\t\t\t\t<\/div>\n\t\t<\/section>\n\t\t\t\t<section class=\"elementor-section elementor-top-section elementor-element elementor-element-5b504431 elementor-section-boxed elementor-section-height-default elementor-section-height-default\" data-id=\"5b504431\" data-element_type=\"section\" data-e-type=\"section\">\n\t\t\t\t\t\t<div class=\"elementor-container elementor-column-gap-default\">\n\t\t\t\t\t<div class=\"elementor-column elementor-col-100 elementor-top-column elementor-element elementor-element-3d3c60c3\" data-id=\"3d3c60c3\" data-element_type=\"column\" data-e-type=\"column\">\n\t\t\t<div class=\"elementor-widget-wrap elementor-element-populated\">\n\t\t\t\t\t\t<div class=\"elementor-element elementor-element-97f26322 elementor-widget elementor-widget-heading\" data-id=\"97f26322\" data-element_type=\"widget\" data-e-type=\"widget\" data-widget_type=\"heading.default\">\n\t\t\t\t\t<h3 class=\"elementor-heading-title elementor-size-default\">4 - Confidentialit\u00e9 :<\/h3>\t\t\t\t<\/div>\n\t\t\t\t<div class=\"elementor-element elementor-element-fd6de118 elementor-widget elementor-widget-text-editor\" data-id=\"fd6de118\" data-element_type=\"widget\" data-e-type=\"widget\" data-widget_type=\"text-editor.default\">\n\t\t\t\t\t\t\t\t\t<p>Le coach est tenu par le secret professionnel. Il prend toutes les pr\u00e9cautions pour maintenir l&#8217;anonymat des personnes qui le consultent et, en particulier, ne communique aucune information \u00e0 un tiers sur une personne sans son accord expr\u00e8s.<\/p>\t\t\t\t\t\t\t\t<\/div>\n\t\t\t\t\t<\/div>\n\t\t<\/div>\n\t\t\t\t\t<\/div>\n\t\t<\/section>\n\t\t\t\t<section class=\"elementor-section elementor-top-section elementor-element elementor-element-76e1a58b elementor-section-boxed elementor-section-height-default elementor-section-height-default\" data-id=\"76e1a58b\" data-element_type=\"section\" data-e-type=\"section\">\n\t\t\t\t\t\t<div class=\"elementor-container elementor-column-gap-default\">\n\t\t\t\t\t<div class=\"elementor-column elementor-col-100 elementor-top-column elementor-element elementor-element-3424919c\" data-id=\"3424919c\" data-element_type=\"column\" data-e-type=\"column\">\n\t\t\t<div class=\"elementor-widget-wrap elementor-element-populated\">\n\t\t\t\t\t\t<div class=\"elementor-element elementor-element-3580dddb elementor-widget elementor-widget-heading\" data-id=\"3580dddb\" data-element_type=\"widget\" data-e-type=\"widget\" data-widget_type=\"heading.default\">\n\t\t\t\t\t<h3 class=\"elementor-heading-title elementor-size-default\">5 - Ind\u00e9pendance :<\/h3>\t\t\t\t<\/div>\n\t\t\t\t<div class=\"elementor-element elementor-element-bfa41962 elementor-widget elementor-widget-text-editor\" data-id=\"bfa41962\" data-element_type=\"widget\" data-e-type=\"widget\" data-widget_type=\"text-editor.default\">\n\t\t\t\t\t\t\t\t\t<p>Le coach se maintient dans une position d&#8217;ind\u00e9pendance. Dans un contrat tripartite, sauf sp\u00e9cification vue ci-dessous, il s&#8217;astreint \u00e0 ne rien communiquer du contenu des s\u00e9ances, ni \u00e0 la hi\u00e9rarchie du coach\u00e9, ni \u00e0 aucun autre tiers, et cela dans le seul int\u00e9r\u00eat du coach\u00e9.<\/p>\t\t\t\t\t\t\t\t<\/div>\n\t\t\t\t\t<\/div>\n\t\t<\/div>\n\t\t\t\t\t<\/div>\n\t\t<\/section>\n\t\t\t\t<section class=\"elementor-section elementor-top-section elementor-element elementor-element-af113b09 elementor-section-boxed elementor-section-height-default elementor-section-height-default\" data-id=\"af113b09\" data-element_type=\"section\" data-e-type=\"section\">\n\t\t\t\t\t\t<div class=\"elementor-container elementor-column-gap-default\">\n\t\t\t\t\t<div class=\"elementor-column elementor-col-100 elementor-top-column elementor-element elementor-element-4255428d\" data-id=\"4255428d\" data-element_type=\"column\" data-e-type=\"column\">\n\t\t\t<div class=\"elementor-widget-wrap elementor-element-populated\">\n\t\t\t\t\t\t<div class=\"elementor-element elementor-element-64f78c34 elementor-widget elementor-widget-heading\" data-id=\"64f78c34\" data-element_type=\"widget\" data-e-type=\"widget\" data-widget_type=\"heading.default\">\n\t\t\t\t\t<h3 class=\"elementor-heading-title elementor-size-default\">6 - Respect de la personne :<\/h3>\t\t\t\t<\/div>\n\t\t\t\t<div class=\"elementor-element elementor-element-c06c107f elementor-widget elementor-widget-text-editor\" data-id=\"c06c107f\" data-element_type=\"widget\" data-e-type=\"widget\" data-widget_type=\"text-editor.default\">\n\t\t\t\t\t\t\t\t\t<p>Une des caract\u00e9ristiques d&#8217;une relation d&#8217;accompagnement telle que le coaching est l&#8217;existence d&#8217;un lien transf\u00e9rentiel entre coach et coach\u00e9. Ce lien peut mettre le coach\u00e9 dans une relation de d\u00e9pendance vis \u00e0 vis du coach. Le coach n\u2019en tirera pas avantage et s\u2019abstiendra de tout abus de pouvoir et de passage \u00e0 l\u2019acte \u00e0 l\u2019encontre du coach\u00e9.<\/p>\t\t\t\t\t\t\t\t<\/div>\n\t\t\t\t\t<\/div>\n\t\t<\/div>\n\t\t\t\t\t<\/div>\n\t\t<\/section>\n\t\t\t\t<section class=\"elementor-section elementor-top-section elementor-element elementor-element-38a0fb51 elementor-section-boxed elementor-section-height-default elementor-section-height-default\" data-id=\"38a0fb51\" data-element_type=\"section\" data-e-type=\"section\">\n\t\t\t\t\t\t<div class=\"elementor-container elementor-column-gap-default\">\n\t\t\t\t\t<div class=\"elementor-column elementor-col-100 elementor-top-column elementor-element elementor-element-e80b9299\" data-id=\"e80b9299\" data-element_type=\"column\" data-e-type=\"column\">\n\t\t\t<div class=\"elementor-widget-wrap elementor-element-populated\">\n\t\t\t\t\t\t<div class=\"elementor-element elementor-element-99808373 elementor-widget elementor-widget-heading\" data-id=\"99808373\" data-element_type=\"widget\" data-e-type=\"widget\" data-widget_type=\"heading.default\">\n\t\t\t\t\t<h3 class=\"elementor-heading-title elementor-size-default\">7 - Attitude de r\u00e9serve vis \u00e0 vis des tiers :<\/h3>\t\t\t\t<\/div>\n\t\t\t\t<div class=\"elementor-element elementor-element-7ec05fa1 elementor-widget elementor-widget-text-editor\" data-id=\"7ec05fa1\" data-element_type=\"widget\" data-e-type=\"widget\" data-widget_type=\"text-editor.default\">\n\t\t\t\t\t\t\t\t\t<p>Le coach observe une attitude de r\u00e9serve vis-\u00e0-vis des tiers, public ou confr\u00e8res, au travers d&#8217;informations qu&#8217;il peut livrer sur l&#8217;exercice de son m\u00e9tier, lors d&#8217;interviews ou de conf\u00e9rences, pour \u00e9viter, par exemple, tout risque de reconnaissance de ses clients par autrui, ou encore il s\u2019abstient d\u2019utiliser ses clients \u00e0 des fins m\u00e9diatiques.<\/p>\t\t\t\t\t\t\t\t<\/div>\n\t\t\t\t\t<\/div>\n\t\t<\/div>\n\t\t\t\t\t<\/div>\n\t\t<\/section>\n\t\t\t\t<section class=\"elementor-section elementor-top-section elementor-element elementor-element-7c5fa172 elementor-section-boxed elementor-section-height-default elementor-section-height-default\" data-id=\"7c5fa172\" data-element_type=\"section\" data-e-type=\"section\">\n\t\t\t\t\t\t<div class=\"elementor-container elementor-column-gap-default\">\n\t\t\t\t\t<div class=\"elementor-column elementor-col-100 elementor-top-column elementor-element elementor-element-822a30f8\" data-id=\"822a30f8\" data-element_type=\"column\" data-e-type=\"column\">\n\t\t\t<div class=\"elementor-widget-wrap elementor-element-populated\">\n\t\t\t\t\t\t<div class=\"elementor-element elementor-element-7fcbd86c elementor-widget elementor-widget-heading\" data-id=\"7fcbd86c\" data-element_type=\"widget\" data-e-type=\"widget\" data-widget_type=\"heading.default\">\n\t\t\t\t\t<h3 class=\"elementor-heading-title elementor-size-default\">8 - Devoirs envers l'organisation :<\/h3>\t\t\t\t<\/div>\n\t\t\t\t<div class=\"elementor-element elementor-element-79da2923 elementor-widget elementor-widget-text-editor\" data-id=\"79da2923\" data-element_type=\"widget\" data-e-type=\"widget\" data-widget_type=\"text-editor.default\">\n\t\t\t\t\t\t\t\t\t<p>Le coach est attentif au m\u00e9tier, aux usages, \u00e0 la culture, au contexte et aux contraintes de l&#8217;organisation pour laquelle le coach\u00e9 travaille.<\/p>\t\t\t\t\t\t\t\t<\/div>\n\t\t\t\t\t<\/div>\n\t\t<\/div>\n\t\t\t\t\t<\/div>\n\t\t<\/section>\n\t\t\t\t<section class=\"elementor-section elementor-top-section elementor-element elementor-element-59bb2d32 elementor-section-boxed elementor-section-height-default elementor-section-height-default\" data-id=\"59bb2d32\" data-element_type=\"section\" data-e-type=\"section\">\n\t\t\t\t\t\t<div class=\"elementor-container elementor-column-gap-default\">\n\t\t\t\t\t<div class=\"elementor-column elementor-col-100 elementor-top-column elementor-element elementor-element-8dc22bb9\" data-id=\"8dc22bb9\" data-element_type=\"column\" data-e-type=\"column\">\n\t\t\t<div class=\"elementor-widget-wrap elementor-element-populated\">\n\t\t\t\t\t\t<div class=\"elementor-element elementor-element-03b45512 elementor-widget elementor-widget-heading\" data-id=\"03b45512\" data-element_type=\"widget\" data-e-type=\"widget\" data-widget_type=\"heading.default\">\n\t\t\t\t\t<h3 class=\"elementor-heading-title elementor-size-default\">9 - Obligation de moyens :<\/h3>\t\t\t\t<\/div>\n\t\t\t\t<div class=\"elementor-element elementor-element-b4ac0ca6 elementor-widget elementor-widget-text-editor\" data-id=\"b4ac0ca6\" data-element_type=\"widget\" data-e-type=\"widget\" data-widget_type=\"text-editor.default\">\n\t\t\t\t\t\t\t\t\t<p>Le coach met en \u0153uvre tous les moyens propres \u00e0 permettre, dans le cadre de la demande du client, le d\u00e9veloppement professionnel et personnel de celui-ci, y compris en ayant recours, si besoin est, \u00e0 un confr\u00e8re. Le coach\u00e9 reste n\u00e9anmoins seul responsable de ses d\u00e9cisions.<\/p>\t\t\t\t\t\t\t\t<\/div>\n\t\t\t\t\t<\/div>\n\t\t<\/div>\n\t\t\t\t\t<\/div>\n\t\t<\/section>\n\t\t\t\t<\/div>\n\t\t","protected":false},"excerpt":{"rendered":"","protected":false},"author":1,"featured_media":0,"parent":0,"menu_order":0,"comment_status":"closed","ping_status":"closed","template":"","meta":{"footnotes":""},"class_list":["post-5014","page","type-page","status-publish","hentry"],"_links":{"self":[{"href":"https:\/\/wp2026.emccbelgium.org\/index.php\/wp-json\/wp\/v2\/pages\/5014","targetHints":{"allow":["GET"]}}],"collection":[{"href":"https:\/\/wp2026.emccbelgium.org\/index.php\/wp-json\/wp\/v2\/pages"}],"about":[{"href":"https:\/\/wp2026.emccbelgium.org\/index.php\/wp-json\/wp\/v2\/types\/page"}],"author":[{"embeddable":true,"href":"https:\/\/wp2026.emccbelgium.org\/index.php\/wp-json\/wp\/v2\/users\/1"}],"replies":[{"embeddable":true,"href":"https:\/\/wp2026.emccbelgium.org\/index.php\/wp-json\/wp\/v2\/comments?post=5014"}],"version-history":[{"count":0,"href":"https:\/\/wp2026.emccbelgium.org\/index.php\/wp-json\/wp\/v2\/pages\/5014\/revisions"}],"wp:attachment":[{"href":"https:\/\/wp2026.emccbelgium.org\/index.php\/wp-json\/wp\/v2\/media?parent=5014"}],"curies":[{"name":"wp","href":"https:\/\/api.w.org\/{rel}","templated":true}]}}