{"id":5015,"date":"2026-04-25T08:32:12","date_gmt":"2026-04-25T08:32:12","guid":{"rendered":""},"modified":"2026-04-25T08:32:12","modified_gmt":"2026-04-25T08:32:12","slug":"deroulement","status":"publish","type":"page","link":"https:\/\/wp2026.emccbelgium.org\/index.php\/deroulement\/","title":{"rendered":"D\u00e9roulement d&#8217;une s\u00e9ance de coaching"},"content":{"rendered":"\t\t<div data-elementor-type=\"wp-page\" data-elementor-id=\"5015\" class=\"elementor elementor-5015\">\n\t\t\t\t\t\t<section class=\"elementor-section elementor-top-section elementor-element elementor-element-327c81b9 elementor-section-boxed elementor-section-height-default elementor-section-height-default\" data-id=\"327c81b9\" data-element_type=\"section\" data-e-type=\"section\">\n\t\t\t\t\t\t<div class=\"elementor-container elementor-column-gap-default\">\n\t\t\t\t\t<div class=\"elementor-column elementor-col-100 elementor-top-column elementor-element elementor-element-79beb829\" data-id=\"79beb829\" data-element_type=\"column\" data-e-type=\"column\">\n\t\t\t<div class=\"elementor-widget-wrap elementor-element-populated\">\n\t\t\t\t\t\t<div class=\"elementor-element elementor-element-fa109ba0 elementor-widget elementor-widget-heading\" data-id=\"fa109ba0\" data-element_type=\"widget\" data-e-type=\"widget\" data-widget_type=\"heading.default\">\n\t\t\t\t\t<h1 class=\"elementor-heading-title elementor-size-default\">D\u00e9roulement d'une s\u00e9ance de coaching<\/h1>\t\t\t\t<\/div>\n\t\t\t\t\t<\/div>\n\t\t<\/div>\n\t\t\t\t\t<\/div>\n\t\t<\/section>\n\t\t\t\t<section class=\"elementor-section elementor-top-section elementor-element elementor-element-4b39d6b3 elementor-section-boxed elementor-section-height-default elementor-section-height-default\" data-id=\"4b39d6b3\" data-element_type=\"section\" data-e-type=\"section\">\n\t\t\t\t\t\t<div class=\"elementor-container elementor-column-gap-default\">\n\t\t\t\t\t<div class=\"elementor-column elementor-col-100 elementor-top-column elementor-element elementor-element-7f138636\" data-id=\"7f138636\" data-element_type=\"column\" data-e-type=\"column\">\n\t\t\t<div class=\"elementor-widget-wrap elementor-element-populated\">\n\t\t\t\t\t\t<div class=\"elementor-element elementor-element-1118e44d elementor-widget elementor-widget-heading\" data-id=\"1118e44d\" data-element_type=\"widget\" data-e-type=\"widget\" data-widget_type=\"heading.default\">\n\t\t\t\t\t<h2 class=\"elementor-heading-title elementor-size-default\">Comment d\u00e9marre un processus de coaching ?<\/h2>\t\t\t\t<\/div>\n\t\t\t\t<div class=\"elementor-element elementor-element-6b68a804 elementor-widget elementor-widget-text-editor\" data-id=\"6b68a804\" data-element_type=\"widget\" data-e-type=\"widget\" data-widget_type=\"text-editor.default\">\n\t\t\t\t\t\t\t\t\t<p>Le coaching d\u00e9marre toujours par une demande, traduite en objectif. Un contrat est \u00e9tabli pour fixer le lieu des s\u00e9ances, leur description, leur rythme et dur\u00e9e, le tarif, les conditions d\u2019annulation, les indicateurs que l\u2019objectif est atteint, le code de d\u00e9ontologie,&#8230;<\/p>\n<p>\u00c0 mi-parcours, une \u00e9valuation peut \u00eatre faite ainsi qu\u2019un recadrage \u00e9ventuel.<\/p>\t\t\t\t\t\t\t\t<\/div>\n\t\t\t\t\t<\/div>\n\t\t<\/div>\n\t\t\t\t\t<\/div>\n\t\t<\/section>\n\t\t\t\t<section class=\"elementor-section elementor-top-section elementor-element elementor-element-9e4195ac elementor-section-boxed elementor-section-height-default elementor-section-height-default\" data-id=\"9e4195ac\" data-element_type=\"section\" data-e-type=\"section\">\n\t\t\t\t\t\t<div class=\"elementor-container elementor-column-gap-default\">\n\t\t\t\t\t<div class=\"elementor-column elementor-col-100 elementor-top-column elementor-element elementor-element-579c7d7e\" data-id=\"579c7d7e\" data-element_type=\"column\" data-e-type=\"column\">\n\t\t\t<div class=\"elementor-widget-wrap elementor-element-populated\">\n\t\t\t\t\t\t<div class=\"elementor-element elementor-element-33329f8b elementor-widget elementor-widget-heading\" data-id=\"33329f8b\" data-element_type=\"widget\" data-e-type=\"widget\" data-widget_type=\"heading.default\">\n\t\t\t\t\t<h2 class=\"elementor-heading-title elementor-size-default\">Sur combien de temps s'\u00e9tale un processus de coaching ?<\/h2>\t\t\t\t<\/div>\n\t\t\t\t<div class=\"elementor-element elementor-element-6a00dab9 elementor-widget elementor-widget-text-editor\" data-id=\"6a00dab9\" data-element_type=\"widget\" data-e-type=\"widget\" data-widget_type=\"text-editor.default\">\n\t\t\t\t\t\t\t\t\t<p>Lorsque l\u2019objectif est atteint, il est proc\u00e9d\u00e9 \u00e0 un bilan.<\/p>\n<p>C\u2019est tr\u00e8s variable. Tout d\u00e9pend du besoin du client. Cela peut durer d\u2019un mois \u00e0 un an, en g\u00e9n\u00e9ral. Le rythme et la fr\u00e9quence des s\u00e9ances sont \u00e0 \u00e9valuer avec le coach et d\u00e9pendent de l\u2019objectif qui est fix\u00e9.<\/p>\n<p>Le client est toutefois libre d\u2019arr\u00eater \u00e0 tout moment s\u2019il estime que cela ne lui convient pas. Mais il est toujours utile de tenir une s\u00e9ance de cl\u00f4ture pour v\u00e9rifier qu\u2019il ne s\u2019agit pas d\u2019un \u00e9vitement.<\/p>\n<p>Le risque d\u2019un coaching qui se prolonge dans le temps est d\u2019introduire une d\u00e9pendance \u00e0 l\u2019\u00e9gard du coach alors que le processus de coaching vise justement \u00e0 l\u2019autonomisation du coach\u00e9.<\/p>\t\t\t\t\t\t\t\t<\/div>\n\t\t\t\t\t<\/div>\n\t\t<\/div>\n\t\t\t\t\t<\/div>\n\t\t<\/section>\n\t\t\t\t<section class=\"elementor-section elementor-top-section elementor-element elementor-element-efcd5ff0 elementor-section-boxed elementor-section-height-default elementor-section-height-default\" data-id=\"efcd5ff0\" data-element_type=\"section\" data-e-type=\"section\">\n\t\t\t\t\t\t<div class=\"elementor-container elementor-column-gap-default\">\n\t\t\t\t\t<div class=\"elementor-column elementor-col-100 elementor-top-column elementor-element elementor-element-f448c44f\" data-id=\"f448c44f\" data-element_type=\"column\" data-e-type=\"column\">\n\t\t\t<div class=\"elementor-widget-wrap elementor-element-populated\">\n\t\t\t\t\t\t<div class=\"elementor-element elementor-element-00499360 elementor-widget elementor-widget-heading\" data-id=\"00499360\" data-element_type=\"widget\" data-e-type=\"widget\" data-widget_type=\"heading.default\">\n\t\t\t\t\t<h2 class=\"elementor-heading-title elementor-size-default\">Combien de temps dure une s\u00e9ance de coaching ?<\/h2>\t\t\t\t<\/div>\n\t\t\t\t<div class=\"elementor-element elementor-element-5a7129f4 elementor-widget elementor-widget-text-editor\" data-id=\"5a7129f4\" data-element_type=\"widget\" data-e-type=\"widget\" data-widget_type=\"text-editor.default\">\n\t\t\t\t\t\t\t\t\t<p>\u00c0 nouveau, c\u2019est tr\u00e8s variable. Tout d\u00e9pend des besoins du coach\u00e9 et des disponibilit\u00e9s du coach et du coach\u00e9. Une s\u00e9ance dure entre 50 minutes et 3 heures.<\/p>\t\t\t\t\t\t\t\t<\/div>\n\t\t\t\t\t<\/div>\n\t\t<\/div>\n\t\t\t\t\t<\/div>\n\t\t<\/section>\n\t\t\t\t<section class=\"elementor-section elementor-top-section elementor-element elementor-element-1d3cd38c elementor-section-boxed elementor-section-height-default elementor-section-height-default\" data-id=\"1d3cd38c\" data-element_type=\"section\" data-e-type=\"section\">\n\t\t\t\t\t\t<div class=\"elementor-container elementor-column-gap-default\">\n\t\t\t\t\t<div class=\"elementor-column elementor-col-100 elementor-top-column elementor-element elementor-element-bbed1b5b\" data-id=\"bbed1b5b\" data-element_type=\"column\" data-e-type=\"column\">\n\t\t\t<div class=\"elementor-widget-wrap elementor-element-populated\">\n\t\t\t\t\t\t<div class=\"elementor-element elementor-element-791f33c5 elementor-widget elementor-widget-heading\" data-id=\"791f33c5\" data-element_type=\"widget\" data-e-type=\"widget\" data-widget_type=\"heading.default\">\n\t\t\t\t\t<h2 class=\"elementor-heading-title elementor-size-default\">O\u00f9 se passent les s\u00e9ances ?<\/h2>\t\t\t\t<\/div>\n\t\t\t\t<div class=\"elementor-element elementor-element-f1ec3b1b elementor-widget elementor-widget-text-editor\" data-id=\"f1ec3b1b\" data-element_type=\"widget\" data-e-type=\"widget\" data-widget_type=\"text-editor.default\">\n\t\t\t\t\t\t\t\t\t<p>De commun accord, les s\u00e9ances peuvent se d\u00e9rouler chez le coach, parfois chez le client ou m\u00eame en un lieu ext\u00e9rieur tel que le lobby d&#8217;un h\u00f4tel. L&#8217;important est que le client se sente en confiance dans le lieu propos\u00e9.<\/p>\t\t\t\t\t\t\t\t<\/div>\n\t\t\t\t\t<\/div>\n\t\t<\/div>\n\t\t\t\t\t<\/div>\n\t\t<\/section>\n\t\t\t\t<section class=\"elementor-section elementor-top-section elementor-element elementor-element-28987db3 elementor-section-boxed elementor-section-height-default elementor-section-height-default\" data-id=\"28987db3\" data-element_type=\"section\" data-e-type=\"section\">\n\t\t\t\t\t\t<div class=\"elementor-container elementor-column-gap-default\">\n\t\t\t\t\t<div class=\"elementor-column elementor-col-100 elementor-top-column elementor-element elementor-element-e21b0ea7\" data-id=\"e21b0ea7\" data-element_type=\"column\" data-e-type=\"column\">\n\t\t\t<div class=\"elementor-widget-wrap elementor-element-populated\">\n\t\t\t\t\t\t<div class=\"elementor-element elementor-element-7a4d1909 elementor-widget elementor-widget-heading\" data-id=\"7a4d1909\" data-element_type=\"widget\" data-e-type=\"widget\" data-widget_type=\"heading.default\">\n\t\t\t\t\t<h2 class=\"elementor-heading-title elementor-size-default\">Un \"contrat\" de coaching : de quoi s'agit-il ?<\/h2>\t\t\t\t<\/div>\n\t\t\t\t<div class=\"elementor-element elementor-element-110276f0 elementor-widget elementor-widget-text-editor\" data-id=\"110276f0\" data-element_type=\"widget\" data-e-type=\"widget\" data-widget_type=\"text-editor.default\">\n\t\t\t\t\t\t\t\t\t<p>Il existe 2 &#8220;formes&#8221; de contrat dans une relation coach\/coach\u00e9 : le contrat administratif et le contrat oral<\/p>\n<ul><li><strong>Le contrat administratif<\/strong> (souvent en entreprise et dans une relation tripartite coach\/coach\u00e9\/entreprise)<\/li><\/ul>\n<p>Le contrat mis en place sera un contrat avec co-engagements sur les r\u00e9sultats pour certains, engagement sur les moyens pour d&#8217;autres.<\/p>\n<p>Ce contrat aborde essentiellement les points suivants :<\/p>\n<ul><li>Le nom et coordonn\u00e9es de l&#8217;entreprise<\/li><li>Le nom de la personne coach\u00e9e<\/li><li>Le contexte g\u00e9n\u00e9ral<\/li><li>L&#8217;objectif g\u00e9n\u00e9ral du coaching<\/li><li>Le lieu<\/li><li>Le nombre et la dur\u00e9e des sessions<\/li><li>Les honoraires et modalit\u00e9s de paiement<\/li><li>Les clauses g\u00e9n\u00e9rales : confidentialit\u00e9, l&#8217;engagement des parties, le droit de r\u00e9serve, conditions de r\u00e9siliation<\/li><\/ul>\n<p>Bien entendu, chaque coach \u00e9tablit le contrat selon sa perception et y ajoutera une s\u00e9rie d&#8217;\u00e9l\u00e9ments qu&#8217;il juge utiles au bon d\u00e9roulement du coaching<\/p>\n<ul><li><strong>Le contrat oral<\/strong><\/li><\/ul>\n<p>A &#8211; C\u2019est un contrat oral qui se met en place lors de la premi\u00e8re rencontre et qui \u00e9tablit les conditions mutuelles de r\u00e9ussite entre le coach et le coach\u00e9.<\/p>\n<p>B &#8211; Les deux s\u2019engagent, le coach et le coach\u00e9 :<\/p>\n<ul><li>La personne coach\u00e9e d\u00e9finit l\u2019objectif qu\u2019elle veut atteindre (et est \u00e9valu\u00e9 en terme d&#8217;engagement r\u00e9el en cours de route)<\/li><li>Le coach s\u2019engage sur un progr\u00e8s explicite et concret, vers l\u2019atteinte de l\u2019objectif<\/li><\/ul>\n<p>Ensemble, ils \u00e9tablissent un objectif de &#8220;progression&#8221; : ce sont des personnes qui travaillent et gardent pr\u00e9sent \u00e0 l&#8217;esprit l\u2019objectif tout en laissant la place \u00e0 des ajustements possibles.<\/p>\n<p>Le Coach est une personne qui accompagne une autre personne dans un moment particulier de sa vie professionnelle ou personnelle.<\/p>\n<p>Ensemble, ils se donnent les meilleurs moyens pour r\u00e9ussir.<\/p>\t\t\t\t\t\t\t\t<\/div>\n\t\t\t\t\t<\/div>\n\t\t<\/div>\n\t\t\t\t\t<\/div>\n\t\t<\/section>\n\t\t\t\t<\/div>\n\t\t","protected":false},"excerpt":{"rendered":"","protected":false},"author":1,"featured_media":0,"parent":0,"menu_order":0,"comment_status":"closed","ping_status":"closed","template":"","meta":{"footnotes":""},"class_list":["post-5015","page","type-page","status-publish","hentry"],"_links":{"self":[{"href":"https:\/\/wp2026.emccbelgium.org\/index.php\/wp-json\/wp\/v2\/pages\/5015","targetHints":{"allow":["GET"]}}],"collection":[{"href":"https:\/\/wp2026.emccbelgium.org\/index.php\/wp-json\/wp\/v2\/pages"}],"about":[{"href":"https:\/\/wp2026.emccbelgium.org\/index.php\/wp-json\/wp\/v2\/types\/page"}],"author":[{"embeddable":true,"href":"https:\/\/wp2026.emccbelgium.org\/index.php\/wp-json\/wp\/v2\/users\/1"}],"replies":[{"embeddable":true,"href":"https:\/\/wp2026.emccbelgium.org\/index.php\/wp-json\/wp\/v2\/comments?post=5015"}],"version-history":[{"count":0,"href":"https:\/\/wp2026.emccbelgium.org\/index.php\/wp-json\/wp\/v2\/pages\/5015\/revisions"}],"wp:attachment":[{"href":"https:\/\/wp2026.emccbelgium.org\/index.php\/wp-json\/wp\/v2\/media?parent=5015"}],"curies":[{"name":"wp","href":"https:\/\/api.w.org\/{rel}","templated":true}]}}