{"id":5017,"date":"2026-04-25T08:32:12","date_gmt":"2026-04-25T08:32:12","guid":{"rendered":""},"modified":"2026-04-25T08:32:12","modified_gmt":"2026-04-25T08:32:12","slug":"le-metier","status":"publish","type":"page","link":"https:\/\/wp2026.emccbelgium.org\/index.php\/le-metier\/","title":{"rendered":"O\u00f9\u00a0en est la reconnaissance du\u00a0m\u00e9tier de coach ?"},"content":{"rendered":"\t\t<div data-elementor-type=\"wp-page\" data-elementor-id=\"5017\" class=\"elementor elementor-5017\">\n\t\t\t\t\t\t<section class=\"elementor-section elementor-top-section elementor-element elementor-element-e7374194 elementor-section-boxed elementor-section-height-default elementor-section-height-default\" data-id=\"e7374194\" data-element_type=\"section\" data-e-type=\"section\">\n\t\t\t\t\t\t<div class=\"elementor-container elementor-column-gap-default\">\n\t\t\t\t\t<div class=\"elementor-column elementor-col-100 elementor-top-column elementor-element elementor-element-b85f74be\" data-id=\"b85f74be\" data-element_type=\"column\" data-e-type=\"column\">\n\t\t\t<div class=\"elementor-widget-wrap elementor-element-populated\">\n\t\t\t\t\t\t<div class=\"elementor-element elementor-element-4ddfb550 elementor-widget elementor-widget-heading\" data-id=\"4ddfb550\" data-element_type=\"widget\" data-e-type=\"widget\" data-widget_type=\"heading.default\">\n\t\t\t\t\t<h1 class=\"elementor-heading-title elementor-size-default\">O\u00f9\u00a0en est la reconnaissance du\u00a0m\u00e9tier de coach ?<\/h1>\t\t\t\t<\/div>\n\t\t\t\t\t<\/div>\n\t\t<\/div>\n\t\t\t\t\t<\/div>\n\t\t<\/section>\n\t\t\t\t<section class=\"elementor-section elementor-top-section elementor-element elementor-element-3b2b227e elementor-section-boxed elementor-section-height-default elementor-section-height-default\" data-id=\"3b2b227e\" data-element_type=\"section\" data-e-type=\"section\">\n\t\t\t\t\t\t<div class=\"elementor-container elementor-column-gap-default\">\n\t\t\t\t\t<div class=\"elementor-column elementor-col-100 elementor-top-column elementor-element elementor-element-23f2a8bb\" data-id=\"23f2a8bb\" data-element_type=\"column\" data-e-type=\"column\">\n\t\t\t<div class=\"elementor-widget-wrap elementor-element-populated\">\n\t\t\t\t\t\t<div class=\"elementor-element elementor-element-57b35c27 elementor-widget elementor-widget-heading\" data-id=\"57b35c27\" data-element_type=\"widget\" data-e-type=\"widget\" data-widget_type=\"heading.default\">\n\t\t\t\t\t<h2 class=\"elementor-heading-title elementor-size-default\">La profession de coach est-elle l\u00e9galis\u00e9e ?<\/h2>\t\t\t\t<\/div>\n\t\t\t\t<div class=\"elementor-element elementor-element-4ad20a54 elementor-widget elementor-widget-text-editor\" data-id=\"4ad20a54\" data-element_type=\"widget\" data-e-type=\"widget\" data-widget_type=\"text-editor.default\">\n\t\t\t\t\t\t\t\t\t<p>Dans l\u2019Union europ\u00e9enne, il existe un seul pays qui ait reconnu l\u00e9galement cette discipline, ce qui laisse le champ libre \u00e0 toutes les d\u00e9rives.<\/p>\n<p>Cependant, depuis quelques ann\u00e9es d\u00e9j\u00e0, le secteur se professionnalise notamment gr\u00e2ce \u00e0 l&#8217;EMCC &#8211; European Mentoring &amp; Coaching Council en collaboration avec l&#8217;ICF.<\/p>\n<p>Un texte a \u00e9t\u00e9 d\u00e9pos\u00e9 d\u00e9but 2011 aupr\u00e8s du Comit\u00e9 Economique et Social Europ\u00e9en visant \u00e0 pr\u00e9ciser une d\u00e9finition commune et les comp\u00e9tences de base du coach. Il s&#8217;agit d&#8217;une premi\u00e8re \u00e9tape de ce parcours vers la reconnaissance du m\u00e9tier.<\/p>\n<p>Une association de coaching telle que l&#8217;EMCC Belgium vise \u00e0 structurer le domaine en \u00e9tablissant des r\u00e8gles strictes d\u2019adh\u00e9sion et un code de d\u00e9ontologique pr\u00e9cis et rigoureux qui rappelle les droits et devoirs des coachs. Ce code est disponible sur notre site.<\/p>\n<p><strong>Le processus d&#8217;accr\u00e9ditation EMCC Belgium rencontre la volont\u00e9 de promouvoir des coachs professionnels selon les standards EMCC.<\/strong><\/p>\t\t\t\t\t\t\t\t<\/div>\n\t\t\t\t\t<\/div>\n\t\t<\/div>\n\t\t\t\t\t<\/div>\n\t\t<\/section>\n\t\t\t\t<section class=\"elementor-section elementor-top-section elementor-element elementor-element-2d7c0465 elementor-section-boxed elementor-section-height-default elementor-section-height-default\" data-id=\"2d7c0465\" data-element_type=\"section\" data-e-type=\"section\">\n\t\t\t\t\t\t<div class=\"elementor-container elementor-column-gap-default\">\n\t\t\t\t\t<div class=\"elementor-column elementor-col-100 elementor-top-column elementor-element elementor-element-c8fc2cdd\" data-id=\"c8fc2cdd\" data-element_type=\"column\" data-e-type=\"column\">\n\t\t\t<div class=\"elementor-widget-wrap elementor-element-populated\">\n\t\t\t\t\t\t<div class=\"elementor-element elementor-element-b91c7007 elementor-widget elementor-widget-heading\" data-id=\"b91c7007\" data-element_type=\"widget\" data-e-type=\"widget\" data-widget_type=\"heading.default\">\n\t\t\t\t\t<h2 class=\"elementor-heading-title elementor-size-default\">Existe-t-il un dipl\u00f4me officiel de coaching ?<\/h2>\t\t\t\t<\/div>\n\t\t\t\t<div class=\"elementor-element elementor-element-789e703c elementor-widget elementor-widget-text-editor\" data-id=\"789e703c\" data-element_type=\"widget\" data-e-type=\"widget\" data-widget_type=\"text-editor.default\">\n\t\t\t\t\t\t\t\t\t<p>La profession de coach n\u2019\u00e9tant pas l\u00e9galis\u00e9e, les dipl\u00f4mes ou certifications sont d\u00e9livr\u00e9s par des instituts priv\u00e9s, sans reconnaissance au niveau l\u00e9gal comme il en serait pour le droit ou la m\u00e9decine. Un processus de labellisation au niveau national et europ\u00e9en EMCC est en cours de d\u00e9veloppement (EQA), comme c\u2019est actuellement le cas pour la psychoth\u00e9rapie.<\/p>\n<p>L&#8217;EMCC Belgium a \u00e9tablit une s\u00e9rie de crit\u00e8res visant \u00e0 choisir au mieux sa formation en coaching selon la d\u00e9ontologie du m\u00e9tier. La rubrique &#8220;Je veux devenir coach&#8221; liste ces crit\u00e8res.<\/p>\n<p>L&#8217;EMCC Belgium finalise actuellement un dossier qui permettra aux \u00e9coles dont les dirigeants sont accr\u00e9dit\u00e9s\u00a0EMCC Belgium d&#8217;afficher la liste des crit\u00e8res rencontr\u00e9s.<\/p>\t\t\t\t\t\t\t\t<\/div>\n\t\t\t\t\t<\/div>\n\t\t<\/div>\n\t\t\t\t\t<\/div>\n\t\t<\/section>\n\t\t\t\t<\/div>\n\t\t","protected":false},"excerpt":{"rendered":"","protected":false},"author":1,"featured_media":0,"parent":0,"menu_order":0,"comment_status":"closed","ping_status":"closed","template":"","meta":{"footnotes":""},"class_list":["post-5017","page","type-page","status-publish","hentry"],"_links":{"self":[{"href":"https:\/\/wp2026.emccbelgium.org\/index.php\/wp-json\/wp\/v2\/pages\/5017","targetHints":{"allow":["GET"]}}],"collection":[{"href":"https:\/\/wp2026.emccbelgium.org\/index.php\/wp-json\/wp\/v2\/pages"}],"about":[{"href":"https:\/\/wp2026.emccbelgium.org\/index.php\/wp-json\/wp\/v2\/types\/page"}],"author":[{"embeddable":true,"href":"https:\/\/wp2026.emccbelgium.org\/index.php\/wp-json\/wp\/v2\/users\/1"}],"replies":[{"embeddable":true,"href":"https:\/\/wp2026.emccbelgium.org\/index.php\/wp-json\/wp\/v2\/comments?post=5017"}],"version-history":[{"count":0,"href":"https:\/\/wp2026.emccbelgium.org\/index.php\/wp-json\/wp\/v2\/pages\/5017\/revisions"}],"wp:attachment":[{"href":"https:\/\/wp2026.emccbelgium.org\/index.php\/wp-json\/wp\/v2\/media?parent=5017"}],"curies":[{"name":"wp","href":"https:\/\/api.w.org\/{rel}","templated":true}]}}