{"id":5018,"date":"2026-04-25T08:32:12","date_gmt":"2026-04-25T08:32:12","guid":{"rendered":""},"modified":"2026-04-25T08:32:12","modified_gmt":"2026-04-25T08:32:12","slug":"pourquoi-coach-emcc","status":"publish","type":"page","link":"https:\/\/wp2026.emccbelgium.org\/index.php\/pourquoi-coach-emcc\/","title":{"rendered":"POURQUOI\u00a0choisir un coach EMCC ?"},"content":{"rendered":"\t\t<div data-elementor-type=\"wp-page\" data-elementor-id=\"5018\" class=\"elementor elementor-5018\">\n\t\t\t\t\t\t<section class=\"elementor-section elementor-top-section elementor-element elementor-element-92f1fd05 elementor-section-boxed elementor-section-height-default elementor-section-height-default\" data-id=\"92f1fd05\" data-element_type=\"section\" data-e-type=\"section\">\n\t\t\t\t\t\t<div class=\"elementor-container elementor-column-gap-default\">\n\t\t\t\t\t<div class=\"elementor-column elementor-col-100 elementor-top-column elementor-element elementor-element-f314171c\" data-id=\"f314171c\" data-element_type=\"column\" data-e-type=\"column\">\n\t\t\t<div class=\"elementor-widget-wrap elementor-element-populated\">\n\t\t\t\t\t\t<div class=\"elementor-element elementor-element-06557f3c elementor-widget elementor-widget-heading\" data-id=\"06557f3c\" data-element_type=\"widget\" data-e-type=\"widget\" data-widget_type=\"heading.default\">\n\t\t\t\t\t<h1 class=\"elementor-heading-title elementor-size-default\">POURQUOI\u00a0choisir un coach EMCC ?<\/h1>\t\t\t\t<\/div>\n\t\t\t\t\t<\/div>\n\t\t<\/div>\n\t\t\t\t\t<\/div>\n\t\t<\/section>\n\t\t\t\t<section class=\"elementor-section elementor-top-section elementor-element elementor-element-12bc5839 elementor-section-boxed elementor-section-height-default elementor-section-height-default\" data-id=\"12bc5839\" data-element_type=\"section\" data-e-type=\"section\">\n\t\t\t\t\t\t<div class=\"elementor-container elementor-column-gap-default\">\n\t\t\t\t\t<div class=\"elementor-column elementor-col-100 elementor-top-column elementor-element elementor-element-8fe736b4\" data-id=\"8fe736b4\" data-element_type=\"column\" data-e-type=\"column\">\n\t\t\t<div class=\"elementor-widget-wrap elementor-element-populated\">\n\t\t\t\t\t\t<div class=\"elementor-element elementor-element-b3be6082 elementor-widget elementor-widget-text-editor\" data-id=\"b3be6082\" data-element_type=\"widget\" data-e-type=\"widget\" data-widget_type=\"text-editor.default\">\n\t\t\t\t\t\t\t\t\t<p>En s\u2019associant \u00e0 l\u2019EMCC en 2008, l\u2019EMCC Belgium (ancienement ECA) est devenue une association europ\u00e9enne repr\u00e9sent\u00e9e dans plus de 18 pays, dont l\u2019Angleterre, les Pays-Bas, la France, le Danemark, la Su\u00e8de, l\u2019Allemagne\u2026 contribuant ainsi \u00e0 donner au\u00a0<strong>coaching une v\u00e9ritable identit\u00e9 europ\u00e9enne<\/strong>\u00a0avec une approche sp\u00e9cifiquement europ\u00e9enne.<\/p>\n<p>Au travers de son\u00a0<strong>processus d&#8217;accr\u00e9ditation,<\/strong>\u00a0l\u2019EMCC Belgium propose une liste de coachs qui ont satisfait aux conditions suivantes: une formation relevante, une pratique professionnelle, une supervision et l\u2019adh\u00e9sion \u00e0 un code d\u00e9ontologique, une formation continue et un v\u00e9ritable travail de d\u00e9veloppement personnel.<\/p>\n<p>Chaque coach accr\u00e9dit\u00e9 EMCC Belgium a re\u00e7u une\u00a0<strong>formation professionnelle<\/strong>\u00a0initiale th\u00e9orique et pratique\u00a0<strong>sp\u00e9cifique<\/strong>\u00a0et de qualit\u00e9, apte \u00e0 cr\u00e9er une comp\u00e9tence d&#8217;exercice du m\u00e9tier de coach. Il s&#8217;engage \u00e0 r\u00e9g\u00e9n\u00e9rer sa formation et son d\u00e9veloppement personnel tout au long de l&#8217;exercice de sa profession, via des participations \u00e0 des sessions de formation compl\u00e9mentaire, \u00e0 des conf\u00e9rences, ou \u00e0 des colloques organis\u00e9s par la profession.<\/p>\n<p>Le coach accr\u00e9dit\u00e9 atteste d&#8217;<strong>une d\u00e9marche de travail sur lui-m\u00eame approfondie<\/strong>, achev\u00e9e ou en cours, ce travail \u00e9tant bien distinct de sa formation.<\/p>\n<p>En outre, pour chaque coach accr\u00e9dit\u00e9 l&#8217;EMCC Belgium s&#8217;engage \u00e0 une\u00a0<strong>supervision<\/strong>\u00a0r\u00e9guli\u00e8re. Celle-ci est assur\u00e9e en individuel ou en groupe par un ou des pairs qualifi\u00e9s. Les superviseurs, ou coachs de coach, permettent aux coachs de b\u00e9n\u00e9ficier d\u2019un espace d\u2019\u00e9change et de prise de recul n\u00e9cessaire pour progresser avec les personnes qu\u2019ils accompagnent et garantir des interventions de qualit\u00e9.<\/p>\n<p><strong>Ces crit\u00e8res attestent d&#8217;une volont\u00e9 de &#8220;savoir-faire&#8221; mais \u00e9galement d&#8217;un &#8220;savoir-\u00eatre&#8221; essentiel dans notre m\u00e9tier..<\/strong><\/p>\t\t\t\t\t\t\t\t<\/div>\n\t\t\t\t\t<\/div>\n\t\t<\/div>\n\t\t\t\t\t<\/div>\n\t\t<\/section>\n\t\t\t\t<\/div>\n\t\t","protected":false},"excerpt":{"rendered":"","protected":false},"author":1,"featured_media":0,"parent":0,"menu_order":0,"comment_status":"closed","ping_status":"closed","template":"","meta":{"footnotes":""},"class_list":["post-5018","page","type-page","status-publish","hentry"],"_links":{"self":[{"href":"https:\/\/wp2026.emccbelgium.org\/index.php\/wp-json\/wp\/v2\/pages\/5018","targetHints":{"allow":["GET"]}}],"collection":[{"href":"https:\/\/wp2026.emccbelgium.org\/index.php\/wp-json\/wp\/v2\/pages"}],"about":[{"href":"https:\/\/wp2026.emccbelgium.org\/index.php\/wp-json\/wp\/v2\/types\/page"}],"author":[{"embeddable":true,"href":"https:\/\/wp2026.emccbelgium.org\/index.php\/wp-json\/wp\/v2\/users\/1"}],"replies":[{"embeddable":true,"href":"https:\/\/wp2026.emccbelgium.org\/index.php\/wp-json\/wp\/v2\/comments?post=5018"}],"version-history":[{"count":0,"href":"https:\/\/wp2026.emccbelgium.org\/index.php\/wp-json\/wp\/v2\/pages\/5018\/revisions"}],"wp:attachment":[{"href":"https:\/\/wp2026.emccbelgium.org\/index.php\/wp-json\/wp\/v2\/media?parent=5018"}],"curies":[{"name":"wp","href":"https:\/\/api.w.org\/{rel}","templated":true}]}}