{"id":5021,"date":"2026-04-25T08:32:12","date_gmt":"2026-04-25T08:32:12","guid":{"rendered":""},"modified":"2026-04-25T08:32:12","modified_gmt":"2026-04-25T08:32:12","slug":"bibliographie","status":"publish","type":"page","link":"https:\/\/wp2026.emccbelgium.org\/index.php\/bibliographie\/","title":{"rendered":"Bibliographie"},"content":{"rendered":"\t\t<div data-elementor-type=\"wp-page\" data-elementor-id=\"5021\" class=\"elementor elementor-5021\">\n\t\t\t\t\t\t<section class=\"elementor-section elementor-top-section elementor-element elementor-element-479141ac elementor-section-boxed elementor-section-height-default elementor-section-height-default\" data-id=\"479141ac\" data-element_type=\"section\" data-e-type=\"section\">\n\t\t\t\t\t\t<div class=\"elementor-container elementor-column-gap-default\">\n\t\t\t\t\t<div class=\"elementor-column elementor-col-100 elementor-top-column elementor-element elementor-element-22453069\" data-id=\"22453069\" data-element_type=\"column\" data-e-type=\"column\">\n\t\t\t<div class=\"elementor-widget-wrap elementor-element-populated\">\n\t\t\t\t\t\t<div class=\"elementor-element elementor-element-316148be elementor-widget elementor-widget-heading\" data-id=\"316148be\" data-element_type=\"widget\" data-e-type=\"widget\" data-widget_type=\"heading.default\">\n\t\t\t\t\t<h1 class=\"elementor-heading-title elementor-size-default\">Bibliographie<\/h1>\t\t\t\t<\/div>\n\t\t\t\t\t<\/div>\n\t\t<\/div>\n\t\t\t\t\t<\/div>\n\t\t<\/section>\n\t\t\t\t<section class=\"elementor-section elementor-top-section elementor-element elementor-element-97021b9e elementor-section-boxed elementor-section-height-default elementor-section-height-default\" data-id=\"97021b9e\" data-element_type=\"section\" data-e-type=\"section\">\n\t\t\t\t\t\t<div class=\"elementor-container elementor-column-gap-default\">\n\t\t\t\t\t<div class=\"elementor-column elementor-col-100 elementor-top-column elementor-element elementor-element-2406c8d7\" data-id=\"2406c8d7\" data-element_type=\"column\" data-e-type=\"column\">\n\t\t\t<div class=\"elementor-widget-wrap elementor-element-populated\">\n\t\t\t\t\t\t<div class=\"elementor-element elementor-element-4f6ad5ae elementor-widget elementor-widget-heading\" data-id=\"4f6ad5ae\" data-element_type=\"widget\" data-e-type=\"widget\" data-widget_type=\"heading.default\">\n\t\t\t\t\t<h2 class=\"elementor-heading-title elementor-size-default\">Quelques titres en lien avec le coaching ... liste non exhaustive !<\/h2>\t\t\t\t<\/div>\n\t\t\t\t<div class=\"elementor-element elementor-element-806bcedc elementor-widget elementor-widget-text-editor\" data-id=\"806bcedc\" data-element_type=\"widget\" data-e-type=\"widget\" data-widget_type=\"text-editor.default\">\n\t\t\t\t\t\t\t\t\t<ul><li>Les responsables porteurs de sens &#8211; <em>LENHARDT Vincent, Insep Editions, 1992<\/em><\/li><li>Les limites d\u2019intervention du coach &#8211; <em>LAPLANTE Isabelle, DE BEER Nicolas, mai 2003<\/em><\/li><li>L&#8217;art de coacher &#8211; Pierre BLANC &#8211; <em>SAHNOUN, Inter\u00e9ditions, 2006<\/em><\/li><li>Les 3 types de coaching &#8211; <em>THIRY Alain, DE BOECK, 2008<\/em><\/li><li>Cas de coaching comment\u00e9s &#8211; <em>CANNIO Sylvianne &#8211; LAUDER Viviane, EYROLLES, 2008<\/em><\/li><li>Syst\u00e9mique et Entreprise (2\u00e8me \u00e9dition) &#8211; <em>MALAREWICZ Jacques Antoine, Pearson \u2013 village, Mondial 2008<\/em><\/li><li>R\u00e9ussir son coaching &#8211; <em>MALAREWICZ Jacques Antoine, Village Mondial 2007<\/em><\/li><li>Les personnalit\u00e9s difficiles en entreprise &#8211; analyse et solutions &#8211; <em>MALAREWICZ Jacques-Antoine, Pearson Village mondial 2009<\/em><\/li><li>Le coaching co-actif &#8211; <em>Kimsey-House Henry &amp; Karin &#8211; Sandahl Philip &#8211; Withworth Laura, Ronan Denniel 2009<\/em><\/li><li>Global coaching &#8211; <em>ROSINSKI Philippe, Nicolas brealey Publishing 2010<\/em><\/li><li>Coaching plain and simple &#8211; <em>Szabo Peter &amp; Meir Daniel, WW Norton company 2008<\/em><\/li><li>Du coaching au mentoring &#8211; <em>ANGEL Pierre and CANCELLIERI-DECROZE Dominique, Armand Colin 2011<\/em><\/li><li>Les outils du coach &#8211; <em>LAMY Florence et MORAL Michel, Inter\u00e9ditions 2011<\/em><\/li><li>Coaching d&#8217;\u00e9quipe &#8211;<em> MORAL Michel, Armand Colin 2007.<\/em><\/li><\/ul>\t\t\t\t\t\t\t\t<\/div>\n\t\t\t\t\t<\/div>\n\t\t<\/div>\n\t\t\t\t\t<\/div>\n\t\t<\/section>\n\t\t\t\t<\/div>\n\t\t","protected":false},"excerpt":{"rendered":"","protected":false},"author":1,"featured_media":0,"parent":0,"menu_order":0,"comment_status":"closed","ping_status":"closed","template":"","meta":{"footnotes":""},"class_list":["post-5021","page","type-page","status-publish","hentry"],"_links":{"self":[{"href":"https:\/\/wp2026.emccbelgium.org\/index.php\/wp-json\/wp\/v2\/pages\/5021","targetHints":{"allow":["GET"]}}],"collection":[{"href":"https:\/\/wp2026.emccbelgium.org\/index.php\/wp-json\/wp\/v2\/pages"}],"about":[{"href":"https:\/\/wp2026.emccbelgium.org\/index.php\/wp-json\/wp\/v2\/types\/page"}],"author":[{"embeddable":true,"href":"https:\/\/wp2026.emccbelgium.org\/index.php\/wp-json\/wp\/v2\/users\/1"}],"replies":[{"embeddable":true,"href":"https:\/\/wp2026.emccbelgium.org\/index.php\/wp-json\/wp\/v2\/comments?post=5021"}],"version-history":[{"count":0,"href":"https:\/\/wp2026.emccbelgium.org\/index.php\/wp-json\/wp\/v2\/pages\/5021\/revisions"}],"wp:attachment":[{"href":"https:\/\/wp2026.emccbelgium.org\/index.php\/wp-json\/wp\/v2\/media?parent=5021"}],"curies":[{"name":"wp","href":"https:\/\/api.w.org\/{rel}","templated":true}]}}